{"id":92,"date":"2019-02-08T17:02:40","date_gmt":"2019-02-08T16:02:40","guid":{"rendered":"http:\/\/amisjosephvaylet.fr\/?page_id=92"},"modified":"2021-06-24T12:03:20","modified_gmt":"2021-06-24T10:03:20","slug":"textes-proposes","status":"publish","type":"page","link":"https:\/\/amisjosephvaylet.fr\/?page_id=92","title":{"rendered":"Textes propos\u00e9s"},"content":{"rendered":"<p style=\"text-indent: 1cm;\">Parmi les nombreux textes de Joseph Vaylet, nous en avons choisi deux, d\u00e9j\u00e0 publi\u00e9s dans un des ouvrages figurant dans la rubrique \u00ab\u00a0Publications\u00a0\u00bb. D&rsquo;autres textes sont encore in\u00e9dits et d\u00e8s que nous les aurons mis en forme nous nous proposons de vous en donner la primeur.<\/p>\n<p style=\"text-indent: 1cm;\"><em>Vaqu\u00ed dos t\u00e8xts de Jos\u00e8p Vaylet, tirats de libres dej\u00e0 publicats. Mas d&rsquo;autres son encara inediches e vos farem lo plaser de los metre dins aquela rubrica \u00ab\u00a0Textes propos\u00e9s\u00a0\u00bb tanl\u00e8u que los aurem adobats.<\/em><\/p>\n<ul style=\"padding-left: 2cm;\">\n<li><a href=\"https:\/\/amisjosephvaylet.fr\/wp-content\/uploads\/2019\/03\/Lo-brau-de-lAubrac.pdf\" target=\"_blank\" rel=\"noopener\"><strong>Lo brau de l&rsquo;Aubrac<\/strong><\/a> de Joseph Vaylet. <em>(dans \u00ab\u00a0Flors d&rsquo;Aubrac\u00a0\u00bb)<br \/>\n<\/em><em>poeme dich a La Gui\u00f2la, lo d\u00e8tz d\u2019agost de 1947, <\/em><em>per l\u2019inauguracion de l\u2019\u00f2bra de Georges Guyot, simbolisant lo Brau de l\u2019Aubrac.<\/em><\/li>\n<\/ul>\n<ul style=\"padding-left: 2cm;\">\n<li><a href=\"https:\/\/amisjosephvaylet.fr\/wp-content\/uploads\/2019\/02\/Vaylet-Lo-vin-nov\u00e8l.pdf\" target=\"_blank\" rel=\"noopener\"><strong>Lo vin nov\u00e8l<\/strong><\/a> de Joseph Vaylet.<br \/>\n<em>dedicat als vinheirons de mon pa\u00eds<\/em><\/li>\n<\/ul>\n","protected":false},"excerpt":{"rendered":"<p>Parmi les nombreux textes de Joseph Vaylet, nous en avons choisi deux, d\u00e9j\u00e0 publi\u00e9s dans un des ouvrages figurant dans la rubrique \u00ab\u00a0Publications\u00a0\u00bb. D&rsquo;autres textes sont encore in\u00e9dits et d\u00e8s que nous les aurons mis en forme nous nous proposons de vous en donner la primeur. Vaqu\u00ed dos t\u00e8xts de Jos\u00e8p Vaylet, tirats de libres &hellip; <a href=\"https:\/\/amisjosephvaylet.fr\/?page_id=92\" class=\"more-link\">Continuer la lecture<span class=\"screen-reader-text\"> de &laquo;&nbsp;Textes propos\u00e9s&nbsp;&raquo;<\/span><\/a><\/p>\n","protected":false},"author":2,"featured_media":0,"parent":0,"menu_order":0,"comment_status":"closed","ping_status":"closed","template":"","meta":{"footnotes":""},"class_list":["post-92","page","type-page","status-publish","hentry"],"_links":{"self":[{"href":"https:\/\/amisjosephvaylet.fr\/index.php?rest_route=\/wp\/v2\/pages\/92","targetHints":{"allow":["GET"]}}],"collection":[{"href":"https:\/\/amisjosephvaylet.fr\/index.php?rest_route=\/wp\/v2\/pages"}],"about":[{"href":"https:\/\/amisjosephvaylet.fr\/index.php?rest_route=\/wp\/v2\/types\/page"}],"author":[{"embeddable":true,"href":"https:\/\/amisjosephvaylet.fr\/index.php?rest_route=\/wp\/v2\/users\/2"}],"replies":[{"embeddable":true,"href":"https:\/\/amisjosephvaylet.fr\/index.php?rest_route=%2Fwp%2Fv2%2Fcomments&post=92"}],"version-history":[{"count":19,"href":"https:\/\/amisjosephvaylet.fr\/index.php?rest_route=\/wp\/v2\/pages\/92\/revisions"}],"predecessor-version":[{"id":1198,"href":"https:\/\/amisjosephvaylet.fr\/index.php?rest_route=\/wp\/v2\/pages\/92\/revisions\/1198"}],"wp:attachment":[{"href":"https:\/\/amisjosephvaylet.fr\/index.php?rest_route=%2Fwp%2Fv2%2Fmedia&parent=92"}],"curies":[{"name":"wp","href":"https:\/\/api.w.org\/{rel}","templated":true}]}}