{"id":84,"date":"2019-02-08T16:58:37","date_gmt":"2019-02-08T15:58:37","guid":{"rendered":"http:\/\/amisjosephvaylet.fr\/?page_id=84"},"modified":"2020-02-02T21:10:08","modified_gmt":"2020-02-02T20:10:08","slug":"revues","status":"publish","type":"page","link":"https:\/\/amisjosephvaylet.fr\/?page_id=84","title":{"rendered":"Revues"},"content":{"rendered":"<p><em>La biblioth\u00e8que Joseph Vaylet dispose de nombreuses revues en occitan, parfois tr\u00e8s anciennes, que son fondateur avait collect\u00e9es ou auxquelles il s&rsquo;\u00e9tait abonn\u00e9. Nous publierons prochainement la liste alphab\u00e9tique de ces revues.<\/em><\/p>\n","protected":false},"excerpt":{"rendered":"<p>La biblioth\u00e8que Joseph Vaylet dispose de nombreuses revues en occitan, parfois tr\u00e8s anciennes, que son fondateur avait collect\u00e9es ou auxquelles il s&rsquo;\u00e9tait abonn\u00e9. Nous publierons prochainement la liste alphab\u00e9tique de ces revues.<\/p>\n","protected":false},"author":4,"featured_media":0,"parent":79,"menu_order":40,"comment_status":"closed","ping_status":"closed","template":"","meta":{"footnotes":""},"class_list":["post-84","page","type-page","status-publish","hentry"],"_links":{"self":[{"href":"https:\/\/amisjosephvaylet.fr\/index.php?rest_route=\/wp\/v2\/pages\/84","targetHints":{"allow":["GET"]}}],"collection":[{"href":"https:\/\/amisjosephvaylet.fr\/index.php?rest_route=\/wp\/v2\/pages"}],"about":[{"href":"https:\/\/amisjosephvaylet.fr\/index.php?rest_route=\/wp\/v2\/types\/page"}],"author":[{"embeddable":true,"href":"https:\/\/amisjosephvaylet.fr\/index.php?rest_route=\/wp\/v2\/users\/4"}],"replies":[{"embeddable":true,"href":"https:\/\/amisjosephvaylet.fr\/index.php?rest_route=%2Fwp%2Fv2%2Fcomments&post=84"}],"version-history":[{"count":4,"href":"https:\/\/amisjosephvaylet.fr\/index.php?rest_route=\/wp\/v2\/pages\/84\/revisions"}],"predecessor-version":[{"id":294,"href":"https:\/\/amisjosephvaylet.fr\/index.php?rest_route=\/wp\/v2\/pages\/84\/revisions\/294"}],"up":[{"embeddable":true,"href":"https:\/\/amisjosephvaylet.fr\/index.php?rest_route=\/wp\/v2\/pages\/79"}],"wp:attachment":[{"href":"https:\/\/amisjosephvaylet.fr\/index.php?rest_route=%2Fwp%2Fv2%2Fmedia&parent=84"}],"curies":[{"name":"wp","href":"https:\/\/api.w.org\/{rel}","templated":true}]}}