{"id":49,"date":"2019-02-08T14:56:02","date_gmt":"2019-02-08T13:56:02","guid":{"rendered":"http:\/\/amisjosephvaylet.fr\/?page_id=49"},"modified":"2023-03-12T21:06:13","modified_gmt":"2023-03-12T20:06:13","slug":"j-vaylet","status":"publish","type":"page","link":"https:\/\/amisjosephvaylet.fr\/?page_id=49","title":{"rendered":"Joseph Vaylet"},"content":{"rendered":"<p><img loading=\"lazy\" decoding=\"async\" class=\"size-medium wp-image-488 alignleft\" src=\"https:\/\/amisjosephvaylet.fr\/wp-content\/uploads\/2020\/02\/exlibris-joseph-vaylet-245x300.jpg\" alt=\"\" width=\"245\" height=\"300\" srcset=\"https:\/\/amisjosephvaylet.fr\/wp-content\/uploads\/2020\/02\/exlibris-joseph-vaylet-245x300.jpg 245w, https:\/\/amisjosephvaylet.fr\/wp-content\/uploads\/2020\/02\/exlibris-joseph-vaylet-768x939.jpg 768w, https:\/\/amisjosephvaylet.fr\/wp-content\/uploads\/2020\/02\/exlibris-joseph-vaylet-838x1024.jpg 838w, https:\/\/amisjosephvaylet.fr\/wp-content\/uploads\/2020\/02\/exlibris-joseph-vaylet-1200x1467.jpg 1200w, https:\/\/amisjosephvaylet.fr\/wp-content\/uploads\/2020\/02\/exlibris-joseph-vaylet.jpg 1619w\" sizes=\"auto, (max-width: 245px) 85vw, 245px\" \/><\/p>\n<div align=\"justify\">\n<div style=\"text-indent: 50px;\">N\u00e9 le 12 novembre 1894 dans la ferme du Mas Nouvel sur les hauteurs de la rive droite du Lot en amont de Saint-Geniez d\u2019Olt. Ain\u00e9 de quatre enfants, deux s\u0153urs et un fr\u00e8re d\u00e9c\u00e9d\u00e9 bien jeune. Une vie d\u2019enfant dans la nature, il va aider le berger \u00e0 garder le troupeau, il court les champs et les bois, il apprend\u00a0 \u00e0 conna\u00eetre la nature, le travail de la terre, son pays, il s\u2019ouvre \u00e0 la po\u00e9sie. A six ans il rentre \u00e0 l\u2019\u00e9cole. Il est en pension dans une famille de Saint-Geniez. Sa langue maternelle est l\u2019occitan. A l\u2019\u00e9cole des Fr\u00e8res de l\u2019\u00e9cole chr\u00e9tienne il d\u00e9couvre la langue fran\u00e7aise avec l\u2019aide et le bon sens des enseignants et il reste fid\u00e8le \u00e0 sa langue maternelle. En 1907 d\u00e9part pour le coll\u00e8ge priv\u00e9 d\u2019Espalion. Pensionnat loin de sa famille. Latin, disciplines nouvelles, internat, punitions qu\u2019il ne peut pas toujours \u00e9viter, mais les litanies de vers \u00e0 recopier le soir d\u00e9veloppent son go\u00fbt de la versification.<\/div>\n<div style=\"text-indent: 50px;\">Il d\u00e9couvre que sa langue maternelle s\u2019\u00e9crit dans <em>l\u2019Ormonac Rouergas<\/em> de 1907 qu\u2019il r\u00e9ussit \u00e0 acheter mais qu\u2019un surveillant lui confisque. En 1911 il est fortement marqu\u00e9 par le discours en occitan que\u00a0 le po\u00e8te Justin Bessou fait devant le personnel du coll\u00e8ge. Il d\u00e9couvre aussi les po\u00e8mes de Fran\u00e7ois Fabi\u00e9. En 1914 conseil de r\u00e9vision. Il prononce un discours patriotique au banquet de la classe. La guerre \u00e9clate et Joseph Vaylet est incorpor\u00e9 en novembre. La vie dans les tranch\u00e9es, les combats. Fi\u00e8vres, blessure, phl\u00e9bite\u00a0: une jambe douloureuse qui le fera souffrir toute sa vie. H\u00f4pital, affectation dans l\u2019aviation, retour au front. Mort de son p\u00e8re \u00e0 l\u2019automne 1918. Lib\u00e9ration en ao\u00fbt 1919.<\/div>\n<div style=\"text-indent: 50px;\">Retour au Mas-Nouvel pour aider sa m\u00e8re. En 1921 il ach\u00e8te la place de greffier du tribunal de commerce de Saint-Geniez. Trop handicap\u00e9 par sa jambe, il cesse de travailler \u00e0 la ferme.<\/div>\n<div style=\"text-indent: 50px;\">Le 6 mars 1921 il participe \u00e0 Rodez \u00e0 la cr\u00e9ation de l\u2019association f\u00e9libr\u00e9enne <em>Le Grelh Roerg\u00e0s. <\/em>A partir de l\u00e0 il \u0153uvre activement aux mouvements f\u00e9libr\u00e9ens et occitanistes, il collecte de nombreux objets, il publie des po\u00e9sies et des textes dans de multiples revues et participe aux concours po\u00e9tiques aussi bien en occitan qu\u2019en fran\u00e7ais. On ne compte pas les prix et les r\u00e9compenses qu\u2019il r\u00e9colte<\/div>\n<div style=\"text-indent: 50px;\">Touche \u00e0 tout il entreprend des recherches sur nombre de sujets, prend des notes sur toutes sortes de supports, publie de nombreuses plaquettes, des livres, en pr\u00e9pare d\u2019autres qui sont en attente de publication.<\/div>\n<div style=\"text-indent: 50px;\">En 1924 il gagne Espalion o\u00f9 est install\u00e9 le tribunal de commerce qui vient de fermer \u00e0 Saint-Geniez. En ao\u00fbt 1927 il \u00e9pouse Alphonsine Verg\u00e9ly modiste et chapeli\u00e8re \u00e0 Espalion. Roland nait en mai 1928 et sa soeur Mireille en avril 1932.<\/div>\n<div style=\"text-indent: 50px;\">En 1930 il cr\u00e9e un groupe traditionnel <em>Les troubadours<\/em> qui pr\u00e9sentent en costume traditionnel les danses et les chants. En 1943 c\u2019est la troupe <em>Lo revisc\u00f2l<\/em> et en 1959 <em>La Cabrette du Haut-Rouergue<\/em> qui r\u00e9unit cabretaires et danseurs. Joseph Vaylet chr\u00e9tien fervent devient membre du Coll\u00e8ge Bardique des Gaules\u00a0; il est fait barde. En 1937 il organise une grande f\u00eate druidique \u00e0 Espalion et pour cette occasion il fait installer un dolmen au foiral. Il cr\u00e9e une revue <em>l\u2019Ohuc<\/em> destin\u00e9e aux soldats mobilis\u00e9s et aux familles \u00e9migr\u00e9es \u00e0 Paris ou ailleurs. Il devient g\u00e9rant de <em>Le petit Aveyronnais<\/em>.<\/div>\n<div style=\"text-indent: 50px;\">Son activit\u00e9 f\u00e9libr\u00e9enne lui vaut d\u2019\u00eatre nomm\u00e9 Ma\u00eetre d\u2019\u0153uvre en 1933 puis <a href=\"https:\/\/amisjosephvaylet.fr\/wp-content\/uploads\/2023\/03\/Brinde-de-St-Tropez.jpg\" target=\"_blank\" rel=\"noopener\">Majoral du F\u00e9librige en 1955 \u00e0 Saint-Tropez<\/a>. D\u2019autres r\u00e9compenses honorent ses recherches\u00a0: Chevalier des Palmes acad\u00e9miques en 1935 puis officier en 1954\u00a0; m\u00e9daille de la Renaissance fran\u00e7aise en 1953, m\u00e9daille du M\u00e9rite Civique en 1966, m\u00e9daille d\u2019honneur de la Jeunesse et des Sports. Disciple de Mistral, il se veut rassembleur d\u2019objets t\u00e9moins de la civilisation du Rouergue. Il en demande, il en ach\u00e8te, on lui en donne d\u2019autant qu\u2019on ne s\u2019en sert plus. Tout cela pour garder la m\u00e9moire de la vie et des fa\u00e7ons de vivre disparues. Tout cela s\u2019entasse dans la cave de son appartement et devient en 1954 son premier mus\u00e9e. Il cherche un local pour entreposer ses collections et organiser une salle d\u2019exposition. Son v\u0153u se r\u00e9alise en 1963 et son deuxi\u00e8me mus\u00e9e s\u2019installe au Vieux Palais avec l\u2019aide de la Caisse d\u2019\u00c9pargne d\u2019Espalion. Des expositions sont organis\u00e9es dans la Chapelle des P\u00e9nitents (b\u00e9nitiers en 1973, Madones en 1974). L\u2019association Mus\u00e9e-Biblioth\u00e8que est cr\u00e9\u00e9e en mai 1967. L\u2019ancienne \u00e9glise Saint-Jean devient son troisi\u00e8me mus\u00e9e en 1976 avec l\u2019aide de l\u2019association, de la commune et du d\u00e9partement. Les collections et la biblioth\u00e8que seront attribu\u00e9es \u00e0 l\u2019association devant notaire. Le\u00a0 mus\u00e9e s\u2019enrichit \u00e0 partir de 1980 de la salle du scaphandre Rouquairol et Denayrouze d\u00e9di\u00e9e \u00e0 l\u2019invention des deux ing\u00e9nieurs aveyronnais.<\/div>\n<div style=\"text-indent: 50px;\">En juillet 1979 il re\u00e7oit le <a href=\"https:\/\/amisjosephvaylet.fr\/wp-content\/uploads\/2023\/01\/Joseph-Vaylet-Photo-Bonnaterre-L\u00e9gion-dHonneur.jpg\" target=\"_blank\" rel=\"noopener\">ruban rouge de la L\u00e9gion d\u2019Honneur<\/a> au titre de la Culture.<\/div>\n<div style=\"text-indent: 50px;\">\n<p>Il disparait le 19 d\u00e9cembre 1982.<\/p>\n<p><a href=\"https:\/\/amisjosephvaylet.fr\/wp-content\/uploads\/2023\/03\/Hommage-\u00e0-un-Ma\u00eetre.pdf\" target=\"_blank\" rel=\"noopener\">Hommage \u00e0 un Ma\u00eetre : le Majoral Joseph Vaylet<\/a> (Ph. Berte-Langereau &#8211; Lou Pa\u00efs &#8211; n\u00b0208 &#8211; mars 1975)<\/p>\n<\/div>\n<\/div>\n","protected":false},"excerpt":{"rendered":"<p>N\u00e9 le 12 novembre 1894 dans la ferme du Mas Nouvel sur les hauteurs de la rive droite du Lot en amont de Saint-Geniez d\u2019Olt. Ain\u00e9 de quatre enfants, deux s\u0153urs et un fr\u00e8re d\u00e9c\u00e9d\u00e9 bien jeune. Une vie d\u2019enfant dans la nature, il va aider le berger \u00e0 garder le troupeau, il court les &hellip; <a href=\"https:\/\/amisjosephvaylet.fr\/?page_id=49\" class=\"more-link\">Continuer la lecture<span class=\"screen-reader-text\"> de &laquo;&nbsp;Joseph Vaylet&nbsp;&raquo;<\/span><\/a><\/p>\n","protected":false},"author":3,"featured_media":0,"parent":0,"menu_order":0,"comment_status":"closed","ping_status":"closed","template":"","meta":{"footnotes":""},"class_list":["post-49","page","type-page","status-publish","hentry"],"_links":{"self":[{"href":"https:\/\/amisjosephvaylet.fr\/index.php?rest_route=\/wp\/v2\/pages\/49","targetHints":{"allow":["GET"]}}],"collection":[{"href":"https:\/\/amisjosephvaylet.fr\/index.php?rest_route=\/wp\/v2\/pages"}],"about":[{"href":"https:\/\/amisjosephvaylet.fr\/index.php?rest_route=\/wp\/v2\/types\/page"}],"author":[{"embeddable":true,"href":"https:\/\/amisjosephvaylet.fr\/index.php?rest_route=\/wp\/v2\/users\/3"}],"replies":[{"embeddable":true,"href":"https:\/\/amisjosephvaylet.fr\/index.php?rest_route=%2Fwp%2Fv2%2Fcomments&post=49"}],"version-history":[{"count":23,"href":"https:\/\/amisjosephvaylet.fr\/index.php?rest_route=\/wp\/v2\/pages\/49\/revisions"}],"predecessor-version":[{"id":2116,"href":"https:\/\/amisjosephvaylet.fr\/index.php?rest_route=\/wp\/v2\/pages\/49\/revisions\/2116"}],"wp:attachment":[{"href":"https:\/\/amisjosephvaylet.fr\/index.php?rest_route=%2Fwp%2Fv2%2Fmedia&parent=49"}],"curies":[{"name":"wp","href":"https:\/\/api.w.org\/{rel}","templated":true}]}}