{"id":470,"date":"2020-02-02T21:06:16","date_gmt":"2020-02-02T20:06:16","guid":{"rendered":"http:\/\/amisjosephvaylet.fr\/?page_id=470"},"modified":"2024-02-14T12:10:44","modified_gmt":"2024-02-14T11:10:44","slug":"photographies","status":"publish","type":"page","link":"https:\/\/amisjosephvaylet.fr\/?page_id=470","title":{"rendered":"Photographies"},"content":{"rendered":"<p style=\"text-align: center;\"><a href=\"https:\/\/amisjosephvaylet.fr\/wp-content\/uploads\/2020\/02\/Anciens-combattants-1914-18-en-1955.jpg\" target=\"_blank\" rel=\"noopener\"><img loading=\"lazy\" decoding=\"async\" class=\"wp-image-480 alignleft\" src=\"https:\/\/amisjosephvaylet.fr\/wp-content\/uploads\/2020\/02\/Anciens-combattants-1914-18-en-1955-300x221.jpg\" alt=\"\" width=\"540\" height=\"398\" srcset=\"https:\/\/amisjosephvaylet.fr\/wp-content\/uploads\/2020\/02\/Anciens-combattants-1914-18-en-1955-300x221.jpg 300w, https:\/\/amisjosephvaylet.fr\/wp-content\/uploads\/2020\/02\/Anciens-combattants-1914-18-en-1955-768x565.jpg 768w, https:\/\/amisjosephvaylet.fr\/wp-content\/uploads\/2020\/02\/Anciens-combattants-1914-18-en-1955-1024x754.jpg 1024w, https:\/\/amisjosephvaylet.fr\/wp-content\/uploads\/2020\/02\/Anciens-combattants-1914-18-en-1955-1200x883.jpg 1200w\" sizes=\"auto, (max-width: 540px) 85vw, 540px\" \/><\/a><br \/>\nLes Anciens Combattants 1914-1918 \u00e0 Espalion<br \/>\n(Photo prise dans le jardin derri\u00e8re l&rsquo;H\u00f4tel de Ville le 11 novembre 1955)<\/p>\n<p style=\"text-align: center;\"><em>Cliquez sur la photo pour l&rsquo;agrandir.<br \/>\n<a href=\"https:\/\/amisjosephvaylet.fr\/wp-content\/uploads\/2024\/02\/Groupe-AC-1955-verso_20181109_0001-scaled.jpg\" target=\"_blank\" rel=\"noopener\">Les noms sont au verso de la photo (de gauche \u00e0 droite).<\/a><\/em><\/p>\n<p>&nbsp;<\/p>\n<p>&nbsp;<\/p>\n<p>&nbsp;<\/p>\n<p><strong>Inauguration du \u00ab\u00a0Taureau de Laguiole\u00a0\u00bb le 10 ao\u00fbt 1947.<\/strong><br \/>\n<em>&#8211; <a href=\"https:\/\/amisjosephvaylet.fr\/wp-content\/uploads\/2019\/03\/Lo-brau-de-lAubrac.pdf\" target=\"_blank\" rel=\"noopener\">Discours de Joseph Vaylet<\/a><br \/>\n<\/em><br \/>\n<a href=\"https:\/\/amisjosephvaylet.fr\/wp-content\/uploads\/2020\/05\/Montage-Vaylet-Laguiole-1947-e1588781177581.jpg\" target=\"_blank\" rel=\"noopener\"><img loading=\"lazy\" decoding=\"async\" class=\"alignnone wp-image-597\" src=\"https:\/\/amisjosephvaylet.fr\/wp-content\/uploads\/2020\/05\/Montage-Vaylet-Laguiole-1947-e1588781177581-300x130.jpg\" alt=\"\" width=\"556\" height=\"246\" \/><\/a><br \/>\n<em>&#8211; La crousado<br \/>\n<a href=\"https:\/\/amisjosephvaylet.fr\/wp-content\/uploads\/2020\/05\/Laguiole-10-ao\u00fbt-1947_Montage-Crouzado.jpg\" target=\"_blank\" rel=\"noopener\"><img loading=\"lazy\" decoding=\"async\" class=\"wp-image-596 alignleft\" src=\"https:\/\/amisjosephvaylet.fr\/wp-content\/uploads\/2020\/05\/Laguiole-10-ao\u00fbt-1947_Montage-Crouzado-221x300.jpg\" alt=\"\" width=\"314\" height=\"426\" srcset=\"https:\/\/amisjosephvaylet.fr\/wp-content\/uploads\/2020\/05\/Laguiole-10-ao\u00fbt-1947_Montage-Crouzado-221x300.jpg 221w, https:\/\/amisjosephvaylet.fr\/wp-content\/uploads\/2020\/05\/Laguiole-10-ao\u00fbt-1947_Montage-Crouzado-768x1042.jpg 768w, https:\/\/amisjosephvaylet.fr\/wp-content\/uploads\/2020\/05\/Laguiole-10-ao\u00fbt-1947_Montage-Crouzado-755x1024.jpg 755w, https:\/\/amisjosephvaylet.fr\/wp-content\/uploads\/2020\/05\/Laguiole-10-ao\u00fbt-1947_Montage-Crouzado.jpg 1032w\" sizes=\"auto, (max-width: 314px) 85vw, 314px\" \/><\/a><\/em><em><a href=\"https:\/\/amisjosephvaylet.fr\/wp-content\/uploads\/2020\/05\/Laguiole-10-ao\u00fbt-1947_Montage-Crouzado-photo-2.jpg\" target=\"_blank\" rel=\"noopener\"> <img loading=\"lazy\" decoding=\"async\" class=\"wp-image-595 alignright\" src=\"https:\/\/amisjosephvaylet.fr\/wp-content\/uploads\/2020\/05\/Laguiole-10-ao\u00fbt-1947_Montage-Crouzado-photo-2-300x211.jpg\" alt=\"\" width=\"465\" height=\"327\" srcset=\"https:\/\/amisjosephvaylet.fr\/wp-content\/uploads\/2020\/05\/Laguiole-10-ao\u00fbt-1947_Montage-Crouzado-photo-2-300x211.jpg 300w, https:\/\/amisjosephvaylet.fr\/wp-content\/uploads\/2020\/05\/Laguiole-10-ao\u00fbt-1947_Montage-Crouzado-photo-2-768x539.jpg 768w, https:\/\/amisjosephvaylet.fr\/wp-content\/uploads\/2020\/05\/Laguiole-10-ao\u00fbt-1947_Montage-Crouzado-photo-2-1024x719.jpg 1024w, https:\/\/amisjosephvaylet.fr\/wp-content\/uploads\/2020\/05\/Laguiole-10-ao\u00fbt-1947_Montage-Crouzado-photo-2-1200x843.jpg 1200w\" sizes=\"auto, (max-width: 465px) 85vw, 465px\" \/><\/a><br \/>\n<\/em><\/p>\n<p>&nbsp;<\/p>\n<p>&nbsp;<\/p>\n<p>&nbsp;<\/p>\n<p>&nbsp;<\/p>\n<p>&nbsp;<\/p>\n<p>&nbsp;<\/p>\n<p>&nbsp;<\/p>\n<p>&nbsp;<\/p>\n<p style=\"text-align: left;\"><strong>Marius Jouveau<\/strong>, futur Capouli\u00e9 du F\u00e9librige, en compagnie de Fr\u00e9d\u00e9ric Mistral (1913)<\/p>\n<p><a href=\"https:\/\/amisjosephvaylet.fr\/wp-content\/uploads\/2020\/11\/Marius-Jouveau-futur-Capoulier-du-F\u00e9librige-et-Fr\u00e9d\u00e9ric-Mistral-1913.jpg\" target=\"_blank\" rel=\"noopener\"><img loading=\"lazy\" decoding=\"async\" class=\" wp-image-863\" src=\"https:\/\/amisjosephvaylet.fr\/wp-content\/uploads\/2020\/11\/Marius-Jouveau-futur-Capoulier-du-F\u00e9librige-et-Fr\u00e9d\u00e9ric-Mistral-1913-207x300.jpg\" alt=\"\" width=\"230\" height=\"334\" srcset=\"https:\/\/amisjosephvaylet.fr\/wp-content\/uploads\/2020\/11\/Marius-Jouveau-futur-Capoulier-du-F\u00e9librige-et-Fr\u00e9d\u00e9ric-Mistral-1913-207x300.jpg 207w, https:\/\/amisjosephvaylet.fr\/wp-content\/uploads\/2020\/11\/Marius-Jouveau-futur-Capoulier-du-F\u00e9librige-et-Fr\u00e9d\u00e9ric-Mistral-1913-768x1114.jpg 768w, https:\/\/amisjosephvaylet.fr\/wp-content\/uploads\/2020\/11\/Marius-Jouveau-futur-Capoulier-du-F\u00e9librige-et-Fr\u00e9d\u00e9ric-Mistral-1913-706x1024.jpg 706w, https:\/\/amisjosephvaylet.fr\/wp-content\/uploads\/2020\/11\/Marius-Jouveau-futur-Capoulier-du-F\u00e9librige-et-Fr\u00e9d\u00e9ric-Mistral-1913-1200x1740.jpg 1200w\" sizes=\"auto, (max-width: 230px) 85vw, 230px\" \/><\/a><\/p>\n<p><strong>Vaylet par Doisneau<\/strong><\/p>\n<p><a href=\"https:\/\/amisjosephvaylet.fr\/wp-content\/uploads\/2021\/01\/Enveloppe-exp\u00e9dition-photos-Doisneau-\u00e0-Vaylet-pour-site-internet.jpg\" target=\"_blank\" rel=\"noopener\"><img loading=\"lazy\" decoding=\"async\" class=\"wp-image-1000 alignleft\" src=\"https:\/\/amisjosephvaylet.fr\/wp-content\/uploads\/2021\/01\/Enveloppe-exp\u00e9dition-photos-Doisneau-\u00e0-Vaylet-pour-site-internet-300x240.jpg\" alt=\"\" width=\"449\" height=\"359\" srcset=\"https:\/\/amisjosephvaylet.fr\/wp-content\/uploads\/2021\/01\/Enveloppe-exp\u00e9dition-photos-Doisneau-\u00e0-Vaylet-pour-site-internet-300x240.jpg 300w, https:\/\/amisjosephvaylet.fr\/wp-content\/uploads\/2021\/01\/Enveloppe-exp\u00e9dition-photos-Doisneau-\u00e0-Vaylet-pour-site-internet-768x615.jpg 768w, https:\/\/amisjosephvaylet.fr\/wp-content\/uploads\/2021\/01\/Enveloppe-exp\u00e9dition-photos-Doisneau-\u00e0-Vaylet-pour-site-internet-1024x821.jpg 1024w, https:\/\/amisjosephvaylet.fr\/wp-content\/uploads\/2021\/01\/Enveloppe-exp\u00e9dition-photos-Doisneau-\u00e0-Vaylet-pour-site-internet-1200x962.jpg 1200w, https:\/\/amisjosephvaylet.fr\/wp-content\/uploads\/2021\/01\/Enveloppe-exp\u00e9dition-photos-Doisneau-\u00e0-Vaylet-pour-site-internet.jpg 1510w\" sizes=\"auto, (max-width: 449px) 85vw, 449px\" \/><\/a><a href=\"https:\/\/amisjosephvaylet.fr\/wp-content\/uploads\/2021\/01\/Vaylet-par-Doisneau-assis-photo-pour-site-internet.jpg\" target=\"_blank\" rel=\"noopener\"><img loading=\"lazy\" decoding=\"async\" class=\"wp-image-1020 alignleft\" src=\"https:\/\/amisjosephvaylet.fr\/wp-content\/uploads\/2021\/01\/Vaylet-par-Doisneau-assis-verso-pour-site-internet-198x300.jpg\" alt=\"\" width=\"219\" height=\"332\" srcset=\"https:\/\/amisjosephvaylet.fr\/wp-content\/uploads\/2021\/01\/Vaylet-par-Doisneau-assis-verso-pour-site-internet-198x300.jpg 198w, https:\/\/amisjosephvaylet.fr\/wp-content\/uploads\/2021\/01\/Vaylet-par-Doisneau-assis-verso-pour-site-internet-768x1163.jpg 768w, https:\/\/amisjosephvaylet.fr\/wp-content\/uploads\/2021\/01\/Vaylet-par-Doisneau-assis-verso-pour-site-internet-676x1024.jpg 676w, https:\/\/amisjosephvaylet.fr\/wp-content\/uploads\/2021\/01\/Vaylet-par-Doisneau-assis-verso-pour-site-internet.jpg 926w\" sizes=\"auto, (max-width: 219px) 85vw, 219px\" \/><\/a><a href=\"https:\/\/amisjosephvaylet.fr\/wp-content\/uploads\/2021\/01\/Vaylet-par-Doisneau-debout-pour-site-internet.jpg\" target=\"_blank\" rel=\"noopener\"><img loading=\"lazy\" decoding=\"async\" class=\"size-medium wp-image-1021 alignleft\" src=\"https:\/\/amisjosephvaylet.fr\/wp-content\/uploads\/2021\/01\/Vaylet-par-Doisneau-debout-verso-pour-site-internet-222x300.jpg\" alt=\"\" width=\"222\" height=\"300\" srcset=\"https:\/\/amisjosephvaylet.fr\/wp-content\/uploads\/2021\/01\/Vaylet-par-Doisneau-debout-verso-pour-site-internet-222x300.jpg 222w, https:\/\/amisjosephvaylet.fr\/wp-content\/uploads\/2021\/01\/Vaylet-par-Doisneau-debout-verso-pour-site-internet-768x1038.jpg 768w, https:\/\/amisjosephvaylet.fr\/wp-content\/uploads\/2021\/01\/Vaylet-par-Doisneau-debout-verso-pour-site-internet-757x1024.jpg 757w, https:\/\/amisjosephvaylet.fr\/wp-content\/uploads\/2021\/01\/Vaylet-par-Doisneau-debout-verso-pour-site-internet.jpg 1040w\" sizes=\"auto, (max-width: 222px) 85vw, 222px\" \/><\/a><\/p>\n","protected":false},"excerpt":{"rendered":"<p>Les Anciens Combattants 1914-1918 \u00e0 Espalion (Photo prise dans le jardin derri\u00e8re l&rsquo;H\u00f4tel de Ville le 11 novembre 1955) Cliquez sur la photo pour l&rsquo;agrandir. Les noms sont au verso de la photo (de gauche \u00e0 droite). &nbsp; &nbsp; &nbsp; Inauguration du \u00ab\u00a0Taureau de Laguiole\u00a0\u00bb le 10 ao\u00fbt 1947. &#8211; Discours de Joseph Vaylet &#8211; &hellip; <a href=\"https:\/\/amisjosephvaylet.fr\/?page_id=470\" class=\"more-link\">Continuer la lecture<span class=\"screen-reader-text\"> de &laquo;&nbsp;Photographies&nbsp;&raquo;<\/span><\/a><\/p>\n","protected":false},"author":5,"featured_media":0,"parent":79,"menu_order":30,"comment_status":"closed","ping_status":"closed","template":"","meta":{"footnotes":""},"class_list":["post-470","page","type-page","status-publish","hentry"],"_links":{"self":[{"href":"https:\/\/amisjosephvaylet.fr\/index.php?rest_route=\/wp\/v2\/pages\/470","targetHints":{"allow":["GET"]}}],"collection":[{"href":"https:\/\/amisjosephvaylet.fr\/index.php?rest_route=\/wp\/v2\/pages"}],"about":[{"href":"https:\/\/amisjosephvaylet.fr\/index.php?rest_route=\/wp\/v2\/types\/page"}],"author":[{"embeddable":true,"href":"https:\/\/amisjosephvaylet.fr\/index.php?rest_route=\/wp\/v2\/users\/5"}],"replies":[{"embeddable":true,"href":"https:\/\/amisjosephvaylet.fr\/index.php?rest_route=%2Fwp%2Fv2%2Fcomments&post=470"}],"version-history":[{"count":54,"href":"https:\/\/amisjosephvaylet.fr\/index.php?rest_route=\/wp\/v2\/pages\/470\/revisions"}],"predecessor-version":[{"id":2623,"href":"https:\/\/amisjosephvaylet.fr\/index.php?rest_route=\/wp\/v2\/pages\/470\/revisions\/2623"}],"up":[{"embeddable":true,"href":"https:\/\/amisjosephvaylet.fr\/index.php?rest_route=\/wp\/v2\/pages\/79"}],"wp:attachment":[{"href":"https:\/\/amisjosephvaylet.fr\/index.php?rest_route=%2Fwp%2Fv2%2Fmedia&parent=470"}],"curies":[{"name":"wp","href":"https:\/\/api.w.org\/{rel}","templated":true}]}}