{"id":407,"date":"2020-01-31T14:30:29","date_gmt":"2020-01-31T13:30:29","guid":{"rendered":"http:\/\/amisjosephvaylet.fr\/?page_id=407"},"modified":"2023-01-15T23:09:44","modified_gmt":"2023-01-15T22:09:44","slug":"ouvrages-de-josep-vaylet","status":"publish","type":"page","link":"https:\/\/amisjosephvaylet.fr\/?page_id=407","title":{"rendered":"Ouvrages de Jos\u00e8p VAYLET"},"content":{"rendered":"<p>1939 : <em>Lou Martire de Sant-Hilarian<\/em>, en collaboration avec Emile ROUDI\u00c9 (Imp du Centre, Limoges).<br \/>\n1940 : <em>L&rsquo;alh,<\/em> \u00e9tude folklorique (Salingardes, Villefranche-de-Rouergue).<br \/>\n1956 : <em>Laus del Majoral Albert Lafeuille<\/em> (Imprimerie Arti\u00e8res, Millau).<br \/>\n1962 : <em>Centenari de la naissen\u00e7a d&rsquo;Artemon Durand, dich Picoral, <\/em>avec la collaboration de Jean BOUDOU, de Ren\u00e9 COUDERC, de Marcel BONNATERRE (Imprimerie Subervie).<br \/>\n1969 : <em>Sept contes de No\u00ebl<\/em> (Subervie, Rodez).<br \/>\n1972 : <em>Heures ferventes <\/em>(Subervie, Rodez).<br \/>\n1974 : <em>Trois contes de No\u00ebl<\/em> (Imprimerie Rigal, Espalion).<br \/>\n1975 : <em>Proverbes et Dictons Rabelaisiens, 1\u00b0 volume<\/em> (Imprimerie Rigal).<br \/>\n1976 : <em>Presics de l&rsquo;Abat Badaruca<\/em> (Subervie, Rodez).<br \/>\n1976 : <em>La chemise conjugale<\/em> (Subervie, Rodez).<br \/>\n1977 :<em> Devinalhas<\/em> (Subervie, Rodez).<br \/>\n1977 : <em>Humour et cures insolites<\/em> (Subervie, Rodez).<br \/>\n1977 : <em>Lauriers amers<\/em> (Subervie, Rodez).<br \/>\n1977 : <a href=\"https:\/\/amisjosephvaylet.fr\/?3d-flip-book=la-pierre-magique\" target=\"_blank\" rel=\"noopener\"><em>La pierre magique<\/em><\/a> (Carr\u00e8re, Rodez).<br \/>\n1977 : <em>La bouse dans le folklore<\/em> (Imprimerie du Sud-Ouest, Toulouse).<br \/>\n1978 : <em>De l&rsquo;Olt de Roumanie \u00e0 l&rsquo;Olt du Rouergue<\/em> (Gerbert, Aurillac).<br \/>\n1978 : <em>La croix dans le folklore<\/em> (Subervie, Rodez).<br \/>\n1979 : <em>Lo jornal d&rsquo;una pastra<\/em> (Gerbert, Aurillac).<br \/>\n1979 : <em>Le tribunal de commerce de Saint-Geniez d&rsquo;Olt &#8211; Espalion<\/em> (Subervie, Rodez).<br \/>\n1979 : <em>Set est\u00e8las al c\u00e8l Ro\u00ebrg\u00e0s<\/em> (Grelh Roerg\u00e0s n\u00b0 19, imprimerie Carr\u00e8re, Rodez).<br \/>\n1981 : <em>Proverbes et dictons rabelaisiens, 2\u00b0 volume<\/em> (Subervie, Rodez).<br \/>\n1981 : <em>Espalion. La cit\u00e9 aux trente hypoth\u00e8ses onomastiques<\/em> (Maury, Millau).<br \/>\n1981 : <em>Joseph Vaylet, Majoral du F\u00e9librige<\/em> (\u00c9ditions Mus\u00e9e Joseph Vaylet) par Marie-Paule GR\u00c9GOIRE (Imprimerie Maury, Millau).<br \/>\n1983 : <em>Contes vertadi\u00e8rs<\/em> (Contes et nov\u00e8las del Ro\u00ebrgue, Grelh Roerg\u00e0s n\u00b0 33, imprimerie Graphi, La Primaube).<br \/>\n1984 : <em>Lo jornal d&rsquo;una pastra, tome II<\/em> (Amis de Joseph Vaylet, imp. Gerbert, Aurillac).<br \/>\n1985 : <em>Proverbes et dictons rabelaisiens<\/em> <em>3\u00b0 volume<\/em> (\u00c9ditions Mus\u00e9e Joseph Vaylet, imprimerie Subervie, Rodez).<br \/>\n1987 : <em>Proverbes sur l&rsquo;\u00e2ne<\/em> (Amis de Joseph Vaylet, imprimerie Gerbert, Aurillac).<br \/>\n1987 : <em>Picauc\u00e8l : nov\u00e8las e poesias a la gl\u00f2ria del n\u00f2stre pa\u00efs nalt<\/em>, Imp Gerbert (c\u00f2-autor : P.C. Delrieu).<br \/>\n2015 : <em>Gloire et Mis\u00e8re Po\u00e8mes de guerre<\/em> (Mus\u00e9e JV et Amis JV Bulletin d\u2019Espalion)<br \/>\n2017 : <em>Cridals d\u2019un Ancian Combatent 1914 1918<\/em> (Grelh Roerg\u00e0s et Amis JV)<br \/>\n2019 : <em>D&rsquo;Aubrac a la Val d&rsquo;\u00d2lt &#8211; Chants occitans<\/em> (Grelh Roerg\u00e0s et Amis de Joseph Vaylet)<br \/>\n2022 :<em> Joseph Vaylet &#8211; Po\u00e8ta trobador &#8211; Rimas en langa mairala<\/em> &#8211; (Grelh Roerg\u00e0s et Amis de Joseph Vaylet)<\/p>\n","protected":false},"excerpt":{"rendered":"<p>1939 : Lou Martire de Sant-Hilarian, en collaboration avec Emile ROUDI\u00c9 (Imp du Centre, Limoges). 1940 : L&rsquo;alh, \u00e9tude folklorique (Salingardes, Villefranche-de-Rouergue). 1956 : Laus del Majoral Albert Lafeuille (Imprimerie Arti\u00e8res, Millau). 1962 : Centenari de la naissen\u00e7a d&rsquo;Artemon Durand, dich Picoral, avec la collaboration de Jean BOUDOU, de Ren\u00e9 COUDERC, de Marcel BONNATERRE (Imprimerie &hellip; <a href=\"https:\/\/amisjosephvaylet.fr\/?page_id=407\" class=\"more-link\">Continuer la lecture<span class=\"screen-reader-text\"> de &laquo;&nbsp;Ouvrages de Jos\u00e8p VAYLET&nbsp;&raquo;<\/span><\/a><\/p>\n","protected":false},"author":3,"featured_media":0,"parent":71,"menu_order":10,"comment_status":"closed","ping_status":"closed","template":"","meta":{"footnotes":""},"class_list":["post-407","page","type-page","status-publish","hentry"],"_links":{"self":[{"href":"https:\/\/amisjosephvaylet.fr\/index.php?rest_route=\/wp\/v2\/pages\/407","targetHints":{"allow":["GET"]}}],"collection":[{"href":"https:\/\/amisjosephvaylet.fr\/index.php?rest_route=\/wp\/v2\/pages"}],"about":[{"href":"https:\/\/amisjosephvaylet.fr\/index.php?rest_route=\/wp\/v2\/types\/page"}],"author":[{"embeddable":true,"href":"https:\/\/amisjosephvaylet.fr\/index.php?rest_route=\/wp\/v2\/users\/3"}],"replies":[{"embeddable":true,"href":"https:\/\/amisjosephvaylet.fr\/index.php?rest_route=%2Fwp%2Fv2%2Fcomments&post=407"}],"version-history":[{"count":5,"href":"https:\/\/amisjosephvaylet.fr\/index.php?rest_route=\/wp\/v2\/pages\/407\/revisions"}],"predecessor-version":[{"id":2038,"href":"https:\/\/amisjosephvaylet.fr\/index.php?rest_route=\/wp\/v2\/pages\/407\/revisions\/2038"}],"up":[{"embeddable":true,"href":"https:\/\/amisjosephvaylet.fr\/index.php?rest_route=\/wp\/v2\/pages\/71"}],"wp:attachment":[{"href":"https:\/\/amisjosephvaylet.fr\/index.php?rest_route=%2Fwp%2Fv2%2Fmedia&parent=407"}],"curies":[{"name":"wp","href":"https:\/\/api.w.org\/{rel}","templated":true}]}}