{"id":31,"date":"2019-02-06T23:01:34","date_gmt":"2019-02-06T22:01:34","guid":{"rendered":"http:\/\/amisjosephvaylet.fr\/?page_id=31"},"modified":"2023-01-12T21:56:03","modified_gmt":"2023-01-12T20:56:03","slug":"presentation","status":"publish","type":"page","link":"https:\/\/amisjosephvaylet.fr\/?page_id=31","title":{"rendered":"Pr\u00e9sentation"},"content":{"rendered":"\r\n<div align=\"justify\">\r\n<div style=\"text-align: left;\">\r\n<div align=\"justify\">\r\n<p style=\"text-align: center;\"><strong>La biblioth\u00e8que Joseph-Vaylet \u00e0 Espalion<\/strong><\/p>\r\n<p>Celui qui fut, en 1921, un des fondateurs du Grelh Roerg\u00e0s v\u00e9cut sa vie en la compagnie d&rsquo;objets curieux ou charg\u00e9s d&rsquo;histoire mais aussi dans celle des livres, Par ses dispositions testamentaires, il souhaitait que sa biblioth\u00e8que puisse reprendre corps, Elle se trouvait, en effet, dispers\u00e9e dans des cartons fort poudreux en lieux divers, victime du d\u00e9m\u00e9nagement du Mus\u00e9e.<br \/>Ainsi J. Vaylet se trouva, en ses derni\u00e8res ann\u00e9es, faute de local pour les accueillir, priv\u00e9 des livres sur lesquels il aurait souhait\u00e9 travailler.<br \/>Apr\u00e8s sa mort, survenue en 1982, et d\u00e8s que les travaux de restauration des anciennes prisons d&rsquo;Espalion furent termin\u00e9s, Ren\u00e9 Couderc et son \u00e9pouse entreprirent de recenser, de classer et de mettre en fiche les quelques six mille titres constituant le fonds Vaylet. S\u2019i1 manque, particuli\u00e8rement dans la Division \u00ab\u00a0Revues\u00a0\u00bb des tables facilitant la consultation, cette derni\u00e8re est tout de m\u00eame possible (avec tout le plaisir rencontr\u00e9 \u00e0 la d\u00e9couverte de ce que l&rsquo;on ne cherchait pas \u00e0 ce moment-l\u00e0.<br \/>Cette biblioth\u00e8que est \u00e0 l\u2019image de notre f\u00e9libre et ceux qui l&rsquo;ont connu ne sauraient s&rsquo;\u00e9tonner de trouver \u00e0 c\u00f4t\u00e9 d&rsquo;ouvrages liturgiques des titres sur l&rsquo;occultisme ou le druidisme.<\/p>\r\n<p>On peut trouver\u00a0:<\/p>\r\n<ul>\r\n<li>des dictionnaires &#8211; dont certains, fort pr\u00e9cieux par leur anciennet\u00e9 &#8211; et encyclop\u00e9dies, les ouvrages remarquables par l&rsquo;illustration ou l&rsquo;impression.<\/li>\r\n<li>des \u0153uvres philosophiques ou traitant de sciences occultes,<\/li>\r\n<li>de nombreux titres sur la religion chr\u00e9tienne<\/li>\r\n<li>des titres relatifs \u00e0 l&rsquo;ethnologie, aux m\u0153urs, aux coutumes et au folklore. Cette partie, on le comprend, est tr\u00e8s riche.<\/li>\r\n<li>de nombreux ouvrages de linguistique traitant aussi bien des divers dialectes de la langue occitane..<\/li>\r\n<li>des ouvrages anciens sur l&rsquo;histoire des sciences, la botanique et la zoologie<\/li>\r\n<li>des livres de science et de vulgarisation m\u00e9dicales mais aussi de cuisine.<\/li>\r\n<li>plus de 1000 ouvrages et plusieurs dizaines de revues en occitan de toutes les r\u00e9gions de langue occitane.<\/li>\r\n<li>des monographies r\u00e9gionales, les ouvrages de voyage, la documentation touristique, les ouvrages d&rsquo;histoire g\u00e9n\u00e9rale et d&rsquo;histoire r\u00e9gionale &#8211; Les deux collections \u00e9tant s\u00e9par\u00e9es, A ceci s&rsquo;ajoutent les \u0153uvres des Aveyronnais illustres. Mgr Affre, Alibert, Bonald, Fabre, Frayssinous, Monteil, Raynal, etc.<\/li>\r\n<\/ul>\r\n<p>Le rayon \u00ab\u00a0po\u00e9sie\u00a0\u00bb (surtout celle du 19<sup>\u00e8me<\/sup>) est riche d&rsquo;\u0153uvres parfois injustement oubli\u00e9es.<br \/>La division Beaux-Arts est riche d&rsquo;\u0153uvres sur les arts dits mineurs et l&rsquo;artisanat, (revues tr\u00e8s sp\u00e9cialis\u00e9es\u00a0: m\u00e9tiers, art, arts populaires, arch\u00e9ologie, gastronomie\u2026)<br \/>Pour la litt\u00e9rature et les belles-lettres, nous trouvons d&rsquo;int\u00e9ressants travaux de critique litt\u00e9raire du 19<sup>\u00e8me<\/sup> si\u00e8cle et du d\u00e9but du 20<sup>\u00e8me<\/sup>. Nous avons s\u00e9par\u00e9 la litt\u00e9rature g\u00e9n\u00e9rale fran\u00e7aise de la litt\u00e9rature r\u00e9gionale de langue fran\u00e7aise.\u00a0\u00a0\u00a0\u00a0\u00a0\u00a0\u00a0\u00a0\u00a0<\/p>\r\n<p>Certains n&rsquo;ont retenu de notre Majoral que son go\u00fbt pour la plaisanterie ou l&rsquo;anecdote piquante, D&rsquo;autres ne savent de lui que sa passion de collectionneur qui nous vaut un Mus\u00e9e des plus fr\u00e9quent\u00e9s. Joseph Vaylet, personnage hors du commun, a \u00e9t\u00e9 anim\u00e9 par un souci culturel et l&rsquo;\u00e9clectisme de ses travaux. La biblioth\u00e8que n&rsquo;est pas la moindre richesse que J. Vaylet ait laiss\u00e9e \u00e0 Espalion et \u00e0 l&rsquo;Association des \u00ab\u00a0Amis de Joseph Vaylet\u00a0\u00bb.<\/p>\r\n<p>Depuis 2013 les membres de l\u2019association \u00ab\u00a0Les Amis de Joseph Vaylet\u00a0\u00bb poursuivent le travail accompli par Henriette et Ren\u00e9 Couderc, Yves Albinet. Ils inventorient et classent les revues, les nombreux \u00e9crits et les dossiers de travail laiss\u00e9s par Joseph Vaylet. Leur objectif \u00e9tant de valoriser au mieux ce tr\u00e9sor documentaire afin de le mettre \u00e0 la disposition des chercheurs mais aussi d\u2019un public le plus large possible. Des chercheurs plus particuli\u00e8rement orient\u00e9s vers une large exploration de la langue et de la culture des pays d\u2019\u00f2c et de tous les domaines de la pens\u00e9e humaine pourront trouver, en cette biblioth\u00e8que, le d\u00e9tail pr\u00e9cieux, la p\u00e9pite qui manquait pour \u00e9clairer leur travail.<br \/>Les ouvrages ne peuvent \u00eatre pr\u00eat\u00e9s et sont consultables sur place \u00e0 la demande, et pour certains sur le site de l\u2019Association.<br \/>Le rayonnement de J. Vaylet et de son \u0153uvre a fait que de g\u00e9n\u00e9reux donateurs concourent \u00e0 maintenir vivante cette biblioth\u00e8que. D&rsquo;autres continuent par leurs dons \u00e0 enrichir le fonds de cette biblioth\u00e8que.<br \/>Depuis mars 2022 ce patrimoine s\u2019est enrichi des dossiers de travail de Zefir Bosc, Majoral du F\u00e9librige, qui nous a quitt\u00e9s en novembre 2020, ami et ex\u00e9cuteur testamentaire de Joseph Vaylet. Zefir Bosc, Vice-Pr\u00e9sident de l&rsquo;Association des \u00ab\u00a0Amis de Joseph Vaylet\u00a0\u00bb nous a confi\u00e9 la responsabilit\u00e9\u00a0 de poursuivre la sauvegarde et la valorisation de ce patrimoine exceptionnel de la haute vall\u00e9e d\u2019\u00d2lt, du Haut-Rouergue et de la Haute Auvergne voisine.<br \/>Sauvegarde et valorisation trouveront leur aboutissement avec l\u2019installation du Fonds Vaylet dans une biblioth\u00e8que de conservation destin\u00e9e \u00e0 faire rayonner notre culture et notre langue d\u2019oc.<\/p>\r\n<p><em>D\u00e9cembre 2022 &#8211; Eliane Moisset et G\u00e9rard Ferrand \u00e0 partir d\u2019un article de Ren\u00e9 Couderc dans la plaquette r\u00e9alis\u00e9e pour le centenaire de la naissance de Joseph Vaylet.<\/em><\/p>\r\n<p>&nbsp;<\/p>\r\n<br \/><br \/><br \/>\r\n<p>&nbsp;<\/p>\r\n<\/div>\r\n<\/div>\r\n<p>&nbsp;<\/p>\r\n<\/div>","protected":false},"excerpt":{"rendered":"<p>La biblioth\u00e8que Joseph-Vaylet \u00e0 Espalion Celui qui fut, en 1921, un des fondateurs du Grelh Roerg\u00e0s v\u00e9cut sa vie en la compagnie d&rsquo;objets curieux ou charg\u00e9s d&rsquo;histoire mais aussi dans celle des livres, Par ses dispositions testamentaires, il souhaitait que sa biblioth\u00e8que puisse reprendre corps, Elle se trouvait, en effet, dispers\u00e9e dans des cartons fort &hellip; <a href=\"https:\/\/amisjosephvaylet.fr\/?page_id=31\" class=\"more-link\">Continuer la lecture<span class=\"screen-reader-text\"> de &laquo;&nbsp;Pr\u00e9sentation&nbsp;&raquo;<\/span><\/a><\/p>\n","protected":false},"author":3,"featured_media":0,"parent":0,"menu_order":0,"comment_status":"closed","ping_status":"closed","template":"","meta":{"footnotes":""},"class_list":["post-31","page","type-page","status-publish","hentry"],"_links":{"self":[{"href":"https:\/\/amisjosephvaylet.fr\/index.php?rest_route=\/wp\/v2\/pages\/31","targetHints":{"allow":["GET"]}}],"collection":[{"href":"https:\/\/amisjosephvaylet.fr\/index.php?rest_route=\/wp\/v2\/pages"}],"about":[{"href":"https:\/\/amisjosephvaylet.fr\/index.php?rest_route=\/wp\/v2\/types\/page"}],"author":[{"embeddable":true,"href":"https:\/\/amisjosephvaylet.fr\/index.php?rest_route=\/wp\/v2\/users\/3"}],"replies":[{"embeddable":true,"href":"https:\/\/amisjosephvaylet.fr\/index.php?rest_route=%2Fwp%2Fv2%2Fcomments&post=31"}],"version-history":[{"count":19,"href":"https:\/\/amisjosephvaylet.fr\/index.php?rest_route=\/wp\/v2\/pages\/31\/revisions"}],"predecessor-version":[{"id":2027,"href":"https:\/\/amisjosephvaylet.fr\/index.php?rest_route=\/wp\/v2\/pages\/31\/revisions\/2027"}],"wp:attachment":[{"href":"https:\/\/amisjosephvaylet.fr\/index.php?rest_route=%2Fwp%2Fv2%2Fmedia&parent=31"}],"curies":[{"name":"wp","href":"https:\/\/api.w.org\/{rel}","templated":true}]}}