{"id":3019,"date":"2025-02-03T22:50:16","date_gmt":"2025-02-03T21:50:16","guid":{"rendered":"https:\/\/amisjosephvaylet.fr\/?page_id=3019"},"modified":"2025-02-03T22:51:36","modified_gmt":"2025-02-03T21:51:36","slug":"st-hilarian-par-denys-puech","status":"publish","type":"page","link":"https:\/\/amisjosephvaylet.fr\/?page_id=3019","title":{"rendered":"St Hilarian par Denys-Puech"},"content":{"rendered":"<p><strong><a href=\"https:\/\/amisjosephvaylet.fr\/wp-content\/uploads\/2025\/02\/St-Hilarian-Denis-Puech-scaled.jpg\" target=\"_blank\" rel=\"noopener\"><img loading=\"lazy\" decoding=\"async\" class=\"size-medium wp-image-2989 alignleft\" src=\"https:\/\/amisjosephvaylet.fr\/wp-content\/uploads\/2025\/02\/St-Hilarian-Denis-Puech-162x300.jpg\" alt=\"\" width=\"162\" height=\"300\" srcset=\"https:\/\/amisjosephvaylet.fr\/wp-content\/uploads\/2025\/02\/St-Hilarian-Denis-Puech-162x300.jpg 162w, https:\/\/amisjosephvaylet.fr\/wp-content\/uploads\/2025\/02\/St-Hilarian-Denis-Puech-553x1024.jpg 553w, https:\/\/amisjosephvaylet.fr\/wp-content\/uploads\/2025\/02\/St-Hilarian-Denis-Puech-768x1422.jpg 768w, https:\/\/amisjosephvaylet.fr\/wp-content\/uploads\/2025\/02\/St-Hilarian-Denis-Puech-830x1536.jpg 830w, https:\/\/amisjosephvaylet.fr\/wp-content\/uploads\/2025\/02\/St-Hilarian-Denis-Puech-1106x2048.jpg 1106w, https:\/\/amisjosephvaylet.fr\/wp-content\/uploads\/2025\/02\/St-Hilarian-Denis-Puech-1200x2222.jpg 1200w, https:\/\/amisjosephvaylet.fr\/wp-content\/uploads\/2025\/02\/St-Hilarian-Denis-Puech-scaled.jpg 1383w\" sizes=\"auto, (max-width: 162px) 85vw, 162px\" \/><\/a><br \/>\nLo Martiri de Sant Ilarian\u00a0: Bronze de Denys Puech, fam\u00f3s escalpraire de Roergue-Naut<br \/>\n<\/strong>Aquel polit bronze es una \u00f2bra de n\u00f2stre compatri\u00f2ta, lo m\u00e8stre Denys Puech. Se tr\u00f2ba dins una capeleta de la gl\u00e8isa paroquiala d\u2019Espaliu.<br \/>\nSant Ilarian, sailhat dels vestits sacerdotals, se destaca en rel\u00e8u (nalt-rel\u00e8u), dominat pel martirisaire (borr\u00e8l)\u00a0: un Sarrasin qu\u2019\u00f2m vei pr\u00e8ste a tustar.<br \/>\nA genolhs, las mans juntas, lo cap clinat per la ponha brutala del Sarrasin &#8211; un pacan se n\u2019i a un \u2013que ten lo paure Ilarian per la borra per li far estirar e descobrir lo c\u00f2l al sabre.<br \/>\nLo sant martir, la cara emaciada, a sos u\u00e8lhs regassats val c\u00e8l. Son agach sembla implorar\u00a0 lo perdon de sos enemics e sa cara a una tendresa que fa contrast amb la barbari\u00e1 f\u00e8ra de l\u2019executaire.<br \/>\nSus aquel meteis bronze, \u00f2m patis pas de veire, al segond plan, una vi\u00e8lha pa\u00cfsana del pa\u00eds, la maire d\u2019Ilarian, que tomba estavanida dins los brasses dels pa\u00edsans que son al p\u00e8 d\u2019ela.<br \/>\nResconduda dins los arbres, lo pich\u00f2ta gl\u00e8is\u00f2ta de P\u00e8rsas se vei, al dess\u00fas del cap del Sant.<br \/>\nDins las n\u00edvols, i a d\u2019amistosas t\u00e8stas d\u2019enfants e una femna d\u2019una granda finessa, que fintan la sc\u00e8na.<\/p>\n<p style=\"text-align: right;\"><strong>\u00a0Joseph Vaylet, prefaci \u00ab Lou Martire de Sant-Hilarian \u00bb del libret (1939- Paris-Rouergue, 7, rue Rougemont- Paris IX\u00e8me) :<br \/>\n<\/strong><strong>\u00ab\u00a0La l\u00e9gende de Saint Hilarian- myst\u00e8re en un acte de Emile Roudi\u00e9\u00a0\u00bb<br \/>\n<\/strong><em>Transcripcion en occitan classic (Eliana Moisset)<\/em><\/p>\n","protected":false},"excerpt":{"rendered":"<p>Lo Martiri de Sant Ilarian\u00a0: Bronze de Denys Puech, fam\u00f3s escalpraire de Roergue-Naut Aquel polit bronze es una \u00f2bra de n\u00f2stre compatri\u00f2ta, lo m\u00e8stre Denys Puech. Se tr\u00f2ba dins una capeleta de la gl\u00e8isa paroquiala d\u2019Espaliu. Sant Ilarian, sailhat dels vestits sacerdotals, se destaca en rel\u00e8u (nalt-rel\u00e8u), dominat pel martirisaire (borr\u00e8l)\u00a0: un Sarrasin qu\u2019\u00f2m vei &hellip; <a href=\"https:\/\/amisjosephvaylet.fr\/?page_id=3019\" class=\"more-link\">Continuer la lecture<span class=\"screen-reader-text\"> de &laquo;&nbsp;St Hilarian par Denys-Puech&nbsp;&raquo;<\/span><\/a><\/p>\n","protected":false},"author":5,"featured_media":0,"parent":0,"menu_order":0,"comment_status":"closed","ping_status":"closed","template":"","meta":{"footnotes":""},"class_list":["post-3019","page","type-page","status-publish","hentry"],"_links":{"self":[{"href":"https:\/\/amisjosephvaylet.fr\/index.php?rest_route=\/wp\/v2\/pages\/3019","targetHints":{"allow":["GET"]}}],"collection":[{"href":"https:\/\/amisjosephvaylet.fr\/index.php?rest_route=\/wp\/v2\/pages"}],"about":[{"href":"https:\/\/amisjosephvaylet.fr\/index.php?rest_route=\/wp\/v2\/types\/page"}],"author":[{"embeddable":true,"href":"https:\/\/amisjosephvaylet.fr\/index.php?rest_route=\/wp\/v2\/users\/5"}],"replies":[{"embeddable":true,"href":"https:\/\/amisjosephvaylet.fr\/index.php?rest_route=%2Fwp%2Fv2%2Fcomments&post=3019"}],"version-history":[{"count":3,"href":"https:\/\/amisjosephvaylet.fr\/index.php?rest_route=\/wp\/v2\/pages\/3019\/revisions"}],"predecessor-version":[{"id":3023,"href":"https:\/\/amisjosephvaylet.fr\/index.php?rest_route=\/wp\/v2\/pages\/3019\/revisions\/3023"}],"wp:attachment":[{"href":"https:\/\/amisjosephvaylet.fr\/index.php?rest_route=%2Fwp%2Fv2%2Fmedia&parent=3019"}],"curies":[{"name":"wp","href":"https:\/\/api.w.org\/{rel}","templated":true}]}}