{"id":26,"date":"2019-02-06T21:58:50","date_gmt":"2019-02-06T20:58:50","guid":{"rendered":"http:\/\/amisjosephvaylet.fr\/?page_id=26"},"modified":"2021-04-06T09:45:40","modified_gmt":"2021-04-06T07:45:40","slug":"bibliotheque","status":"publish","type":"page","link":"https:\/\/amisjosephvaylet.fr\/?page_id=26","title":{"rendered":"La biblioth\u00e8que"},"content":{"rendered":"<p><a href=\"https:\/\/amisjosephvaylet.fr\/wp-content\/uploads\/2021\/04\/Estatua-de-Vaylet-al-p\u00e8-del-Palais-Vi\u00e8lh-al-ras-d\u00d2lt.jpg\" target=\"_blank\" rel=\"noopener\"><img loading=\"lazy\" decoding=\"async\" class=\"alignleft wp-image-1125\" title=\"Estatua de Vaylet al p\u00e8 del Palais Vi\u00e8lh al ras d'\u00d2lt\" src=\"https:\/\/amisjosephvaylet.fr\/wp-content\/uploads\/2021\/04\/Estatua-de-Vaylet-al-p\u00e8-del-Palais-Vi\u00e8lh-al-ras-d\u00d2lt-225x300.jpg\" alt=\"\" width=\"158\" height=\"211\" srcset=\"https:\/\/amisjosephvaylet.fr\/wp-content\/uploads\/2021\/04\/Estatua-de-Vaylet-al-p\u00e8-del-Palais-Vi\u00e8lh-al-ras-d\u00d2lt-225x300.jpg 225w, https:\/\/amisjosephvaylet.fr\/wp-content\/uploads\/2021\/04\/Estatua-de-Vaylet-al-p\u00e8-del-Palais-Vi\u00e8lh-al-ras-d\u00d2lt-768x1024.jpg 768w, https:\/\/amisjosephvaylet.fr\/wp-content\/uploads\/2021\/04\/Estatua-de-Vaylet-al-p\u00e8-del-Palais-Vi\u00e8lh-al-ras-d\u00d2lt-1200x1600.jpg 1200w, https:\/\/amisjosephvaylet.fr\/wp-content\/uploads\/2021\/04\/Estatua-de-Vaylet-al-p\u00e8-del-Palais-Vi\u00e8lh-al-ras-d\u00d2lt.jpg 1329w\" sizes=\"auto, (max-width: 158px) 85vw, 158px\" \/><\/a><\/p>\n<p><strong>Fons felibrenc e occitan Vaylet a Espaliu<\/strong><\/p>\n<p><em>\u00a0<\/em><em>\u00ab\u00a0Les Amis de Joseph Vaylet-Occitans en Roergue-Naut\u00a0\u00bb,<\/em> n\u00f2stra associacion, fogu\u00e8t fondada qualques meses abans sa despartida per Jos\u00e8p Vaylet, Felibre Majoral (1894-1982), po\u00e8ta : \u00ab\u00a0Aparaire de la T\u00e8rra roergassa e de sa lenga\u00a0\u00bb, segon l&rsquo;inscripcion gravada sus son estatua a la dintrada del Fi\u00e8iral a Espaliu, sul Camin de Sant Jaumes, davant lo Palais Vi\u00e8lh que fogu\u00e8t lo segond Mus\u00e8u Vaylet, apr\u00e8s lo sieu ostal e abans la Gl\u00e8isa St Joan (Carri\u00e8ira Drecha), ara.<\/p>\n<p>N\u00f2stre \u00a0\u00bb Barde e Arremosaire de la Val\u00f2ia d&rsquo;\u00d2lt e de las Calms d&rsquo;Aubrac\u00a0\u00bb (Canta-Grelh n\u00b03 1994), a vodada sa vida tota a collectar d&rsquo;obj\u00e8ctes de la vida vidanta dels s\u00e8gles XIX e XX.<\/p>\n<p>Aqueles testim\u00f2nis de \u00ab\u00a0l&rsquo;Art de Viure\u00a0\u00bb de Roergue, an mantengudas en el, passion e curiositat, totjorn a velhar:<\/p>\n<p><em><a href=\"https:\/\/amisjosephvaylet.fr\/wp-content\/uploads\/2021\/04\/Quatrin.jpg\" target=\"_blank\" rel=\"noopener\"><img loading=\"lazy\" decoding=\"async\" class=\"size-medium wp-image-1127 alignleft\" src=\"https:\/\/amisjosephvaylet.fr\/wp-content\/uploads\/2021\/04\/Quatrin-300x232.jpg\" alt=\"\" width=\"300\" height=\"232\" srcset=\"https:\/\/amisjosephvaylet.fr\/wp-content\/uploads\/2021\/04\/Quatrin-300x232.jpg 300w, https:\/\/amisjosephvaylet.fr\/wp-content\/uploads\/2021\/04\/Quatrin-768x594.jpg 768w, https:\/\/amisjosephvaylet.fr\/wp-content\/uploads\/2021\/04\/Quatrin-1024x792.jpg 1024w, https:\/\/amisjosephvaylet.fr\/wp-content\/uploads\/2021\/04\/Quatrin-1200x928.jpg 1200w\" sizes=\"auto, (max-width: 300px) 85vw, 300px\" \/><\/a>\u00ab\u00a0Del jorn que soi nascut ai cridat dins ma lenga<\/em><br \/>\n<em>Dins n\u00f2stra parladura ai plorat e cantat;<\/em><br \/>\n<em>Per ela ai semenat e per ela ai plantat<\/em><br \/>\n<em>En riguent del malan de quante vent que venga !\u00a0\u00bb\u00a0 (Jos\u00e8p Vaylet)<\/em><\/p>\n<p>Ara, n\u00f2stre sicut, es de far con\u00e9isser lo patrim\u00f2ni excepcional que nos a daissat per assegurar la transmission de la cultura e de la lenga occitanas, qu&rsquo;\u00e8ra sa preoccupacion permanenta.<\/p>\n<p>Es aital que los s\u00f2cis de n\u00f2stra associacion, reviscolada en 2013 per A.Bibal e Z.B\u00f2sc, se son atalats a contunhar l&rsquo;exploracion, la valorizacion e la mesa a disposicion del public, dels archius, n\u00f2tas e Bibliot\u00e8ca del Fons Vaylet que recampan l&rsquo;\u00f2bra de cercaire en etnografia, de po\u00e8ta e escrivan occitan de n\u00f2stre \u00ab\u00a0remosaire felibrenc\u00a0\u00bb (Zefir B\u00f2sc).<\/p>\n<p>N\u00f2stra dralha ten dins sa devisa : \u00ab\u00a0Les collections ne sont utiles que si elles sont publiques\u00a0\u00bb. Devisa marcada sul catal\u00f2g de l&rsquo;exposicion qu&rsquo;av\u00e8m facha l&rsquo;estiu de 2019, en partenariat amb lo Conselh Departemental d&rsquo;Avairon e sos servicis dels Mus\u00e8us Departementals.<\/p>\n<p>Dins las colleccions del Fons Vaylet, s&rsquo;i trapan revistas, almanacs en lenga d&rsquo;\u00d2c dins totas sas varietats, <a href=\"https:\/\/amisjosephvaylet.fr\/wp-content\/uploads\/2021\/04\/Joseph-Vaylet-dins-sa-bibliot\u00e8ca-e-sos-papi\u00e8rs-de-rec\u00e8rca.jpg\" target=\"_blank\" rel=\"noopener\"><img loading=\"lazy\" decoding=\"async\" class=\"alignright wp-image-1126 size-medium\" title=\"Joseph Vaylet dins sa bibliot\u00e8ca e sos papi\u00e8rs de rec\u00e8rca\" src=\"https:\/\/amisjosephvaylet.fr\/wp-content\/uploads\/2021\/04\/Joseph-Vaylet-dins-sa-bibliot\u00e8ca-e-sos-papi\u00e8rs-de-rec\u00e8rca-288x300.jpg\" alt=\"\" width=\"288\" height=\"300\" srcset=\"https:\/\/amisjosephvaylet.fr\/wp-content\/uploads\/2021\/04\/Joseph-Vaylet-dins-sa-bibliot\u00e8ca-e-sos-papi\u00e8rs-de-rec\u00e8rca-288x300.jpg 288w, https:\/\/amisjosephvaylet.fr\/wp-content\/uploads\/2021\/04\/Joseph-Vaylet-dins-sa-bibliot\u00e8ca-e-sos-papi\u00e8rs-de-rec\u00e8rca-768x800.jpg 768w, https:\/\/amisjosephvaylet.fr\/wp-content\/uploads\/2021\/04\/Joseph-Vaylet-dins-sa-bibliot\u00e8ca-e-sos-papi\u00e8rs-de-rec\u00e8rca-983x1024.jpg 983w, https:\/\/amisjosephvaylet.fr\/wp-content\/uploads\/2021\/04\/Joseph-Vaylet-dins-sa-bibliot\u00e8ca-e-sos-papi\u00e8rs-de-rec\u00e8rca-1200x1251.jpg 1200w\" sizes=\"auto, (max-width: 288px) 85vw, 288px\" \/><\/a>obratges e monografias en franc\u00e9s o en lenga n\u00f2stra a prepaus de la civilisacion occitana de Roergue al Sud de Fran\u00e7a tot : etnografia, literatura, ling\u00fcistica romana, ist\u00f2ria, sci\u00e9ncias, botanica, agricultura, agronomia, medecina, fisica, geologia, ocultisme, mesti\u00e8rs, artesanat, gastronomia, musica, folcl\u00f2re&#8230;<\/p>\n<p>Aqu\u00f2&rsquo;s aquela particularitat occitana del Fons Vaylet que fa que nos es estat demandat de contunhar lo trabalh comen\u00e7at per n\u00f2stres davanci\u00e8rs R. e H. Couderc, Y.Albinet : triar, classar, valorizar e dubrir aquel patrim\u00f2ni felibrenc als cercaires, estudiants e curioses de n\u00f2stra lenga e de n\u00f2stra Ist\u00f2ria, amb, per aqu\u00f2 far, lo sosten e los conselhs del CIRDOC (Centre Internacional de Rec\u00e8rcas e Documentacion Occitanas).<\/p>\n<p>A&rsquo;n&rsquo;aquel trabalh dins lo Fons Vaylet, s&rsquo;ajustan pels Occitans dels \u00ab\u00a0Amics de J.Vaylet\u00a0\u00bb las activitats d&rsquo;un Talhi\u00e8r Cants, tot c\u00f2p de visitas en \u00d2c, de velhadas, de conferencias&#8230; Coma aqu\u00f2, nos pensam que participam a la socializacion de la lenga d&rsquo;\u00d2c&#8230;<\/p>\n<p>Ensajam, tanben, de respondre a las demandas de documentacion d&rsquo;estudiants, cercaires, escrivans, organizators de manif\u00e8stacions, de musicians&#8230;<\/p>\n<p>Nos s\u00e8m equipats per numerizar \u00e7\u00f2 que trobam dins lo Fons. Aital, comen\u00e7am sa mesa a disposicion del public en esperant d&rsquo;aver una vertadi\u00e8ira sala de trabalh e de consultacion dins una futura Bibliot\u00e8ca de Conservacion integrada dins lo \u00ab\u00a0P\u00f4le Culturel\u00a0\u00bb en proj\u00e8cte.<\/p>\n<p>En esperant, trabalham, tanben, a l&rsquo;edicion d&rsquo;inedits sus \u00ab\u00a0papi\u00e8r\u00a0\u00bb o edicion numerica. Per aqu\u00f2 far, av\u00e8m entrepres de bastir un siti internet per comunicar amb totes los que s&rsquo;interessan a n\u00f2stra ist\u00f2ria e a la lenga n\u00f2stra. E, per aquesta passa d&#8217;embarrament es una crana ajuda!<\/p>\n<p><em>\u00ab\u00a0As amassat tot \u00e7\u00f2 que cal,<a href=\"https:\/\/amisjosephvaylet.fr\/wp-content\/uploads\/2021\/04\/Transmission-Joseph-Vaylet-dins-son-primi\u00e8r-mus\u00e8u-dins-son-ostal.jpg\" target=\"_blank\" rel=\"noopener\"><img loading=\"lazy\" decoding=\"async\" class=\"alignright wp-image-1128 size-medium\" title=\"Transmission - Joseph Vaylet dins son primi\u00e8r mus\u00e8u dins son ostal\" src=\"https:\/\/amisjosephvaylet.fr\/wp-content\/uploads\/2021\/04\/Transmission-Joseph-Vaylet-dins-son-primi\u00e8r-mus\u00e8u-dins-son-ostal-300x225.jpg\" alt=\"\" width=\"300\" height=\"225\" srcset=\"https:\/\/amisjosephvaylet.fr\/wp-content\/uploads\/2021\/04\/Transmission-Joseph-Vaylet-dins-son-primi\u00e8r-mus\u00e8u-dins-son-ostal-300x225.jpg 300w, https:\/\/amisjosephvaylet.fr\/wp-content\/uploads\/2021\/04\/Transmission-Joseph-Vaylet-dins-son-primi\u00e8r-mus\u00e8u-dins-son-ostal-768x575.jpg 768w, https:\/\/amisjosephvaylet.fr\/wp-content\/uploads\/2021\/04\/Transmission-Joseph-Vaylet-dins-son-primi\u00e8r-mus\u00e8u-dins-son-ostal-1024x767.jpg 1024w, https:\/\/amisjosephvaylet.fr\/wp-content\/uploads\/2021\/04\/Transmission-Joseph-Vaylet-dins-son-primi\u00e8r-mus\u00e8u-dins-son-ostal-1200x899.jpg 1200w\" sizes=\"auto, (max-width: 300px) 85vw, 300px\" \/><\/a><\/em><br \/>\n<em>Per ton mus\u00e8u, qu&rsquo;\u00e8ra ta vida,<\/em><br \/>\n<em>Li as daissat b\u00e8la culhida;<\/em><br \/>\n<em>Facha d&rsquo;usan\u00e7as del fogal<\/em><br \/>\n<em>E d&rsquo;escriches sens finida&#8230;\u00a0\u00bb<\/em><\/p>\n<p>Zefir B\u00f2sc <strong><em>\u00ab\u00a0Al Vaylet Grand del Roergue N\u00f2stre\u00a0\u00bb<br \/>\n<\/em><\/strong><em>(In Memoriam lo 24 de decembre de 1982)<\/em><\/p>\n<p>&nbsp;<\/p>\n","protected":false},"excerpt":{"rendered":"<p>Fons felibrenc e occitan Vaylet a Espaliu \u00a0\u00ab\u00a0Les Amis de Joseph Vaylet-Occitans en Roergue-Naut\u00a0\u00bb, n\u00f2stra associacion, fogu\u00e8t fondada qualques meses abans sa despartida per Jos\u00e8p Vaylet, Felibre Majoral (1894-1982), po\u00e8ta : \u00ab\u00a0Aparaire de la T\u00e8rra roergassa e de sa lenga\u00a0\u00bb, segon l&rsquo;inscripcion gravada sus son estatua a la dintrada del Fi\u00e8iral a Espaliu, sul Camin &hellip; <a href=\"https:\/\/amisjosephvaylet.fr\/?page_id=26\" class=\"more-link\">Continuer la lecture<span class=\"screen-reader-text\"> de &laquo;&nbsp;La biblioth\u00e8que&nbsp;&raquo;<\/span><\/a><\/p>\n","protected":false},"author":3,"featured_media":0,"parent":0,"menu_order":0,"comment_status":"closed","ping_status":"closed","template":"","meta":{"footnotes":""},"class_list":["post-26","page","type-page","status-publish","hentry"],"_links":{"self":[{"href":"https:\/\/amisjosephvaylet.fr\/index.php?rest_route=\/wp\/v2\/pages\/26","targetHints":{"allow":["GET"]}}],"collection":[{"href":"https:\/\/amisjosephvaylet.fr\/index.php?rest_route=\/wp\/v2\/pages"}],"about":[{"href":"https:\/\/amisjosephvaylet.fr\/index.php?rest_route=\/wp\/v2\/types\/page"}],"author":[{"embeddable":true,"href":"https:\/\/amisjosephvaylet.fr\/index.php?rest_route=\/wp\/v2\/users\/3"}],"replies":[{"embeddable":true,"href":"https:\/\/amisjosephvaylet.fr\/index.php?rest_route=%2Fwp%2Fv2%2Fcomments&post=26"}],"version-history":[{"count":17,"href":"https:\/\/amisjosephvaylet.fr\/index.php?rest_route=\/wp\/v2\/pages\/26\/revisions"}],"predecessor-version":[{"id":1139,"href":"https:\/\/amisjosephvaylet.fr\/index.php?rest_route=\/wp\/v2\/pages\/26\/revisions\/1139"}],"wp:attachment":[{"href":"https:\/\/amisjosephvaylet.fr\/index.php?rest_route=%2Fwp%2Fv2%2Fmedia&parent=26"}],"curies":[{"name":"wp","href":"https:\/\/api.w.org\/{rel}","templated":true}]}}