{"id":2334,"date":"2023-12-01T17:47:06","date_gmt":"2023-12-01T16:47:06","guid":{"rendered":"http:\/\/amisjosephvaylet.fr\/?page_id=2334"},"modified":"2023-12-27T13:57:51","modified_gmt":"2023-12-27T12:57:51","slug":"le-felibre-jean-henri-fabre","status":"publish","type":"page","link":"https:\/\/amisjosephvaylet.fr\/?page_id=2334","title":{"rendered":"Le F\u00e9libre \u00ab\u00a0di tavan\u00a0\u00bb Jean-Henri Fabre"},"content":{"rendered":"\n<table id=\"tablepress-2\" class=\"tablepress tablepress-id-2 tbody-has-connected-cells\">\n<tbody class=\"row-hover\">\n<tr class=\"row-1\">\n\t<td class=\"column-1\"><img loading=\"lazy\" decoding=\"async\" src=\"http:\/\/amisjosephvaylet.fr\/wp-content\/uploads\/2023\/12\/50\u00e8me-anniversaire-du-d\u00e9c\u00e8s-photo-2-205x300.jpg\" alt=\"\" width=\"205\" height=\"300\" class=\"alignnone size-medium wp-image-2333\" srcset=\"https:\/\/amisjosephvaylet.fr\/wp-content\/uploads\/2023\/12\/50\u00e8me-anniversaire-du-d\u00e9c\u00e8s-photo-2-205x300.jpg 205w, https:\/\/amisjosephvaylet.fr\/wp-content\/uploads\/2023\/12\/50\u00e8me-anniversaire-du-d\u00e9c\u00e8s-photo-2-768x1125.jpg 768w, https:\/\/amisjosephvaylet.fr\/wp-content\/uploads\/2023\/12\/50\u00e8me-anniversaire-du-d\u00e9c\u00e8s-photo-2-699x1024.jpg 699w, https:\/\/amisjosephvaylet.fr\/wp-content\/uploads\/2023\/12\/50\u00e8me-anniversaire-du-d\u00e9c\u00e8s-photo-2-1200x1758.jpg 1200w\" sizes=\"auto, (max-width: 205px) 85vw, 205px\" \/><a href=\"http:\/\/amisjosephvaylet.fr\/wp-content\/uploads\/2023\/12\/50\u00e8me-anniversaire-du-d\u00e9c\u00e8s-photo-2.jpg\" rel=\"noopener\" target=\"_blank\">Agrandir<\/a><\/td><td class=\"column-2\"><img loading=\"lazy\" decoding=\"async\" src=\"http:\/\/amisjosephvaylet.fr\/wp-content\/uploads\/2023\/12\/50\u00e8me-anniversaire-du-d\u00e9c\u00e8s-photo-2-verso-212x300.jpg\" alt=\"\" width=\"212\" height=\"300\" class=\"alignnone size-medium wp-image-2332\" srcset=\"https:\/\/amisjosephvaylet.fr\/wp-content\/uploads\/2023\/12\/50\u00e8me-anniversaire-du-d\u00e9c\u00e8s-photo-2-verso-212x300.jpg 212w, https:\/\/amisjosephvaylet.fr\/wp-content\/uploads\/2023\/12\/50\u00e8me-anniversaire-du-d\u00e9c\u00e8s-photo-2-verso.jpg 527w\" sizes=\"auto, (max-width: 212px) 85vw, 212px\" \/><a href=\"http:\/\/amisjosephvaylet.fr\/wp-content\/uploads\/2023\/12\/50\u00e8me-anniversaire-du-d\u00e9c\u00e8s-photo-2-verso.jpg\" rel=\"noopener\" target=\"_blank\">Agrandir<\/a><\/td><td class=\"column-3\"><img loading=\"lazy\" decoding=\"async\" src=\"http:\/\/amisjosephvaylet.fr\/wp-content\/uploads\/2023\/12\/50\u00e8me-anniversaire-du-d\u00e9c\u00e8s-photo-1-209x300.jpg\" alt=\"\" width=\"209\" height=\"300\" class=\"alignnone size-medium wp-image-2331\" srcset=\"https:\/\/amisjosephvaylet.fr\/wp-content\/uploads\/2023\/12\/50\u00e8me-anniversaire-du-d\u00e9c\u00e8s-photo-1-209x300.jpg 209w, https:\/\/amisjosephvaylet.fr\/wp-content\/uploads\/2023\/12\/50\u00e8me-anniversaire-du-d\u00e9c\u00e8s-photo-1-768x1100.jpg 768w, https:\/\/amisjosephvaylet.fr\/wp-content\/uploads\/2023\/12\/50\u00e8me-anniversaire-du-d\u00e9c\u00e8s-photo-1-715x1024.jpg 715w, https:\/\/amisjosephvaylet.fr\/wp-content\/uploads\/2023\/12\/50\u00e8me-anniversaire-du-d\u00e9c\u00e8s-photo-1-1200x1718.jpg 1200w\" sizes=\"auto, (max-width: 209px) 85vw, 209px\" \/><a href=\"http:\/\/amisjosephvaylet.fr\/wp-content\/uploads\/2023\/12\/50\u00e8me-anniversaire-du-d\u00e9c\u00e8s-photo-1.jpg\" rel=\"noopener\" target=\"_blank\">Agrandir<\/a><\/td><td class=\"column-4\"><img loading=\"lazy\" decoding=\"async\" src=\"http:\/\/amisjosephvaylet.fr\/wp-content\/uploads\/2023\/12\/50\u00e8me-anniversaire-du-d\u00e9c\u00e8s-photo-1-verso-205x300.jpg\" alt=\"\" width=\"205\" height=\"300\" class=\"alignnone size-medium wp-image-2330\" srcset=\"https:\/\/amisjosephvaylet.fr\/wp-content\/uploads\/2023\/12\/50\u00e8me-anniversaire-du-d\u00e9c\u00e8s-photo-1-verso-205x300.jpg 205w, https:\/\/amisjosephvaylet.fr\/wp-content\/uploads\/2023\/12\/50\u00e8me-anniversaire-du-d\u00e9c\u00e8s-photo-1-verso.jpg 515w\" sizes=\"auto, (max-width: 205px) 85vw, 205px\" \/><a href=\"http:\/\/amisjosephvaylet.fr\/wp-content\/uploads\/2023\/12\/50\u00e8me-anniversaire-du-d\u00e9c\u00e8s-photo-1-verso.jpg\" rel=\"noopener\" target=\"_blank\">Agrandir<\/a><\/td>\n<\/tr>\n<tr class=\"row-2\">\n\t<td class=\"column-1\"><\/td><td class=\"column-2\"><\/td><td class=\"column-3\"><\/td><td class=\"column-4\"><\/td>\n<\/tr>\n<tr class=\"row-3\">\n\t<td colspan=\"2\" class=\"column-1\"><img loading=\"lazy\" decoding=\"async\" src=\"http:\/\/amisjosephvaylet.fr\/wp-content\/uploads\/2023\/12\/Inauguration-statue-J.H.-Fabre-ao\u00fbt-1924-page-1-300x198.jpg\" alt=\"\" width=\"300\" height=\"198\" class=\"alignnone size-medium wp-image-2337\" srcset=\"https:\/\/amisjosephvaylet.fr\/wp-content\/uploads\/2023\/12\/Inauguration-statue-J.H.-Fabre-ao\u00fbt-1924-page-1-300x198.jpg 300w, https:\/\/amisjosephvaylet.fr\/wp-content\/uploads\/2023\/12\/Inauguration-statue-J.H.-Fabre-ao\u00fbt-1924-page-1-768x506.jpg 768w, https:\/\/amisjosephvaylet.fr\/wp-content\/uploads\/2023\/12\/Inauguration-statue-J.H.-Fabre-ao\u00fbt-1924-page-1-1024x675.jpg 1024w, https:\/\/amisjosephvaylet.fr\/wp-content\/uploads\/2023\/12\/Inauguration-statue-J.H.-Fabre-ao\u00fbt-1924-page-1-1200x791.jpg 1200w\" sizes=\"auto, (max-width: 300px) 85vw, 300px\" \/><a href=\"http:\/\/amisjosephvaylet.fr\/wp-content\/uploads\/2023\/12\/Inauguration-statue-J.H.-Fabre-ao\u00fbt-1924-page-1.jpg\" rel=\"noopener\" target=\"_blank\">Agrandir<\/a><\/td><td colspan=\"2\" class=\"column-3\"><img loading=\"lazy\" decoding=\"async\" src=\"http:\/\/amisjosephvaylet.fr\/wp-content\/uploads\/2023\/12\/Inauguration-statue-J.H.-Fabre-ao\u00fbt-1924-page-2-300x197.jpg\" alt=\"\" width=\"300\" height=\"197\" class=\"alignnone size-medium wp-image-2338\" srcset=\"https:\/\/amisjosephvaylet.fr\/wp-content\/uploads\/2023\/12\/Inauguration-statue-J.H.-Fabre-ao\u00fbt-1924-page-2-300x197.jpg 300w, https:\/\/amisjosephvaylet.fr\/wp-content\/uploads\/2023\/12\/Inauguration-statue-J.H.-Fabre-ao\u00fbt-1924-page-2-768x506.jpg 768w, https:\/\/amisjosephvaylet.fr\/wp-content\/uploads\/2023\/12\/Inauguration-statue-J.H.-Fabre-ao\u00fbt-1924-page-2-1024x674.jpg 1024w, https:\/\/amisjosephvaylet.fr\/wp-content\/uploads\/2023\/12\/Inauguration-statue-J.H.-Fabre-ao\u00fbt-1924-page-2-1200x790.jpg 1200w\" sizes=\"auto, (max-width: 300px) 85vw, 300px\" \/><a href=\"http:\/\/amisjosephvaylet.fr\/wp-content\/uploads\/2023\/12\/Inauguration-statue-J.H.-Fabre-ao\u00fbt-1924-page-2.jpg\" rel=\"noopener\" target=\"_blank\">Agrandir<\/a><\/td>\n<\/tr>\n<tr class=\"row-4\">\n\t<td class=\"column-1\"><\/td><td class=\"column-2\"><\/td><td class=\"column-3\"><\/td><td class=\"column-4\"><\/td>\n<\/tr>\n<tr class=\"row-5\">\n\t<td colspan=\"2\" class=\"column-1\"><img loading=\"lazy\" decoding=\"async\" src=\"http:\/\/amisjosephvaylet.fr\/wp-content\/uploads\/2023\/12\/Inauguration-statue-J.H.-Fabre-ao\u00fbt-1924-page-3-300x197.jpg\" alt=\"\" width=\"300\" height=\"197\" class=\"alignnone size-medium wp-image-2339\" srcset=\"https:\/\/amisjosephvaylet.fr\/wp-content\/uploads\/2023\/12\/Inauguration-statue-J.H.-Fabre-ao\u00fbt-1924-page-3-300x197.jpg 300w, https:\/\/amisjosephvaylet.fr\/wp-content\/uploads\/2023\/12\/Inauguration-statue-J.H.-Fabre-ao\u00fbt-1924-page-3-768x504.jpg 768w, https:\/\/amisjosephvaylet.fr\/wp-content\/uploads\/2023\/12\/Inauguration-statue-J.H.-Fabre-ao\u00fbt-1924-page-3-1024x671.jpg 1024w, https:\/\/amisjosephvaylet.fr\/wp-content\/uploads\/2023\/12\/Inauguration-statue-J.H.-Fabre-ao\u00fbt-1924-page-3-1200x787.jpg 1200w\" sizes=\"auto, (max-width: 300px) 85vw, 300px\" \/><a href=\"http:\/\/amisjosephvaylet.fr\/wp-content\/uploads\/2023\/12\/Inauguration-statue-J.H.-Fabre-ao\u00fbt-1924-page-3.jpg\" rel=\"noopener\" target=\"_blank\">Agrandir<\/a><\/td><td colspan=\"2\" class=\"column-3\"><img loading=\"lazy\" decoding=\"async\" src=\"http:\/\/amisjosephvaylet.fr\/wp-content\/uploads\/2023\/12\/Inauguration-300x198.jpg\" alt=\"\" width=\"300\" height=\"198\" class=\"alignnone size-medium wp-image-2340\" srcset=\"https:\/\/amisjosephvaylet.fr\/wp-content\/uploads\/2023\/12\/Inauguration-300x198.jpg 300w, https:\/\/amisjosephvaylet.fr\/wp-content\/uploads\/2023\/12\/Inauguration-768x506.jpg 768w, https:\/\/amisjosephvaylet.fr\/wp-content\/uploads\/2023\/12\/Inauguration-1024x674.jpg 1024w, https:\/\/amisjosephvaylet.fr\/wp-content\/uploads\/2023\/12\/Inauguration-1200x790.jpg 1200w\" sizes=\"auto, (max-width: 300px) 85vw, 300px\" \/><a href=\"http:\/\/amisjosephvaylet.fr\/wp-content\/uploads\/2023\/12\/Inauguration.jpg\" rel=\"noopener\" target=\"_blank\">Agrandir<\/a><\/td>\n<\/tr>\n<tr class=\"row-6\">\n\t<td colspan=\"4\" class=\"column-1\">Figures du Rouergue - Jean-Henri Fabre, le naturaliste. Tome 2 de Augustin Fabre - Carr\u00e8re - Rodez - 1929<\/td>\n<\/tr>\n<tr class=\"row-7\">\n\t<td class=\"column-1\"><\/td><td colspan=\"2\" class=\"column-2\"><img loading=\"lazy\" decoding=\"async\" src=\"http:\/\/amisjosephvaylet.fr\/wp-content\/uploads\/2023\/12\/Fran\u00e7ois-Fabi\u00e9-215x300.jpg\" alt=\"\" width=\"215\" height=\"300\" class=\"alignnone size-medium wp-image-2349\" srcset=\"https:\/\/amisjosephvaylet.fr\/wp-content\/uploads\/2023\/12\/Fran\u00e7ois-Fabi\u00e9-215x300.jpg 215w, https:\/\/amisjosephvaylet.fr\/wp-content\/uploads\/2023\/12\/Fran\u00e7ois-Fabi\u00e9-768x1073.jpg 768w, https:\/\/amisjosephvaylet.fr\/wp-content\/uploads\/2023\/12\/Fran\u00e7ois-Fabi\u00e9-733x1024.jpg 733w, https:\/\/amisjosephvaylet.fr\/wp-content\/uploads\/2023\/12\/Fran\u00e7ois-Fabi\u00e9-1200x1677.jpg 1200w, https:\/\/amisjosephvaylet.fr\/wp-content\/uploads\/2023\/12\/Fran\u00e7ois-Fabi\u00e9.jpg 1694w\" sizes=\"auto, (max-width: 215px) 85vw, 215px\" \/><a href=\"http:\/\/amisjosephvaylet.fr\/wp-content\/uploads\/2023\/12\/Fran\u00e7ois-Fabi\u00e9.jpg\" rel=\"noopener\" target=\"_blank\">Fran\u00e7ois Fabi\u00e9<\/a><\/td><td class=\"column-4\"><\/td>\n<\/tr>\n<\/tbody>\n<\/table>\n<!-- #tablepress-2 from cache -->\n<p>&nbsp;<\/p>\n<p>&nbsp;<\/p>\n<p>&nbsp;<\/p>\n<p style=\"text-align: left;\"><strong><em>\u00a0<\/em><\/strong><\/p>\n<p>&nbsp;<\/p>\n","protected":false},"excerpt":{"rendered":"<p>&nbsp; &nbsp; &nbsp; \u00a0 &nbsp;<\/p>\n","protected":false},"author":5,"featured_media":0,"parent":0,"menu_order":0,"comment_status":"closed","ping_status":"closed","template":"","meta":{"footnotes":""},"class_list":["post-2334","page","type-page","status-publish","hentry"],"_links":{"self":[{"href":"https:\/\/amisjosephvaylet.fr\/index.php?rest_route=\/wp\/v2\/pages\/2334","targetHints":{"allow":["GET"]}}],"collection":[{"href":"https:\/\/amisjosephvaylet.fr\/index.php?rest_route=\/wp\/v2\/pages"}],"about":[{"href":"https:\/\/amisjosephvaylet.fr\/index.php?rest_route=\/wp\/v2\/types\/page"}],"author":[{"embeddable":true,"href":"https:\/\/amisjosephvaylet.fr\/index.php?rest_route=\/wp\/v2\/users\/5"}],"replies":[{"embeddable":true,"href":"https:\/\/amisjosephvaylet.fr\/index.php?rest_route=%2Fwp%2Fv2%2Fcomments&post=2334"}],"version-history":[{"count":22,"href":"https:\/\/amisjosephvaylet.fr\/index.php?rest_route=\/wp\/v2\/pages\/2334\/revisions"}],"predecessor-version":[{"id":2482,"href":"https:\/\/amisjosephvaylet.fr\/index.php?rest_route=\/wp\/v2\/pages\/2334\/revisions\/2482"}],"wp:attachment":[{"href":"https:\/\/amisjosephvaylet.fr\/index.php?rest_route=%2Fwp%2Fv2%2Fmedia&parent=2334"}],"curies":[{"name":"wp","href":"https:\/\/api.w.org\/{rel}","templated":true}]}}