{"id":1934,"date":"2022-07-21T16:08:25","date_gmt":"2022-07-21T14:08:25","guid":{"rendered":"http:\/\/amisjosephvaylet.fr\/?page_id=1934"},"modified":"2022-07-21T16:17:38","modified_gmt":"2022-07-21T14:17:38","slug":"ouvrages-disponibles","status":"publish","type":"page","link":"https:\/\/amisjosephvaylet.fr\/?page_id=1934","title":{"rendered":"Ouvrages disponibles"},"content":{"rendered":"<table width=\"577\">\n<tbody>\n<tr>\n<td style=\"text-align: center;\" width=\"304\"><strong>Ann\u00e9e de parution et Titre<\/strong><\/td>\n<td width=\"117\"><strong>\u00a0<\/strong><\/td>\n<td width=\"156\">\n<p style=\"text-align: center;\"><strong>Prix <\/strong><strong><em>(hors frais de port)<\/em><\/strong><\/p>\n<\/td>\n<\/tr>\n<tr>\n<td width=\"304\"><strong>1976-Al caire del terrador<\/strong><\/td>\n<td width=\"117\"><\/td>\n<td width=\"156\">\n<p style=\"text-align: center;\"><strong>10\u20ac<\/strong><\/p>\n<\/td>\n<\/tr>\n<tr>\n<td width=\"304\"><strong>1981-Asu\u00e8lhs regu\u00e8rgues<\/strong><\/td>\n<td style=\"text-align: center;\" width=\"117\">Epuis\u00e9<\/td>\n<td width=\"156\"><strong>\u00a0<\/strong><\/td>\n<\/tr>\n<tr>\n<td width=\"304\"><strong>1981-Contes de la Nalta-Viadena<\/strong><\/td>\n<td width=\"117\"><\/td>\n<td width=\"156\">\n<p style=\"text-align: center;\"><strong>10\u20ac<\/strong><\/p>\n<\/td>\n<\/tr>\n<tr>\n<td width=\"304\"><strong>1981-La vinha e lo vin Dichas e proverbis del pa\u00efs costovin<\/strong><\/td>\n<td style=\"text-align: center;\" width=\"117\">Epuis\u00e9<\/td>\n<td width=\"156\"><strong>\u00a0<\/strong><\/td>\n<\/tr>\n<tr>\n<td width=\"304\"><strong>1981-Laus del Majoral Peire-Auguste Miremont<\/strong><\/td>\n<td style=\"text-align: center;\" width=\"117\">Epuis\u00e9<\/td>\n<td width=\"156\"><strong>\u00a0<\/strong><\/td>\n<\/tr>\n<tr>\n<td width=\"304\"><strong>1987-Cants d&rsquo;Amont e d&rsquo;Aval<\/strong><\/td>\n<td width=\"117\"><\/td>\n<td width=\"156\">\n<p style=\"text-align: center;\"><strong>10\u20ac<\/strong><\/p>\n<\/td>\n<\/tr>\n<tr>\n<td width=\"304\"><strong>1988-Racontes del Pa\u00efs Ribieirol<\/strong><\/td>\n<td width=\"117\"><\/td>\n<td width=\"156\">\n<p style=\"text-align: center;\"><strong>10\u20ac<\/strong><\/p>\n<\/td>\n<\/tr>\n<tr>\n<td width=\"304\"><strong>1989-Les gabarriers de la Haute Vall\u00e9e d&rsquo;Olt<\/strong><\/td>\n<td style=\"text-align: center;\" width=\"117\">Epuis\u00e9<\/td>\n<td width=\"156\"><strong>\u00a0<\/strong><\/td>\n<\/tr>\n<tr>\n<td width=\"304\"><strong>1990-Pescas d&rsquo;Olt &#8211; <em>La p\u00eache ancienne en rives d&rsquo;Olt<\/em><\/strong><\/td>\n<td style=\"text-align: center;\" width=\"117\">Epuis\u00e9<\/td>\n<td width=\"156\"><strong>\u00a0<\/strong><\/td>\n<\/tr>\n<tr>\n<td width=\"304\"><strong>1990-Le Dom de Villi\u00e8s d\u2019Espeyrac <\/strong><\/td>\n<td style=\"text-align: center;\" width=\"117\">In\u00e9dit<\/td>\n<td width=\"156\"><strong>\u00a0<\/strong><\/td>\n<\/tr>\n<tr>\n<td width=\"304\"><strong>1995-Can\u00e7oni\u00e8r de la ribi\u00e8ira d&rsquo;Olt<\/strong><\/td>\n<td width=\"117\"><\/td>\n<td width=\"156\">\n<p style=\"text-align: center;\"><strong>10\u20ac<\/strong><\/p>\n<\/td>\n<\/tr>\n<tr>\n<td width=\"304\"><strong>1995-La vigne et le vin du Fel et d&rsquo;Entraygues<\/strong><\/td>\n<td style=\"text-align: center;\" width=\"117\">Epuis\u00e9<\/td>\n<td width=\"156\"><strong>\u00a0<\/strong><\/td>\n<\/tr>\n<tr>\n<td width=\"304\"><strong>1997-Les gabarriers du Lot lorsque la haute vall\u00e9e d\u2019Olt \u00e9tait navigu\u00e9e <\/strong><\/td>\n<td style=\"text-align: center;\" width=\"117\">Epuis\u00e9<\/td>\n<td width=\"156\"><strong>\u00a0<\/strong><\/td>\n<\/tr>\n<tr>\n<td width=\"304\"><strong>1999-L\u2019abb\u00e9 Guillaume David, pr\u00eatre anticoncordataire de la Petite \u00c9glise<\/strong><\/td>\n<td style=\"text-align: center;\" width=\"117\">In\u00e9dit<\/td>\n<td width=\"156\"><strong>\u00a0<\/strong><\/td>\n<\/tr>\n<tr>\n<td width=\"304\"><strong>2002-Pescas d&rsquo;Olt &#8211; <em>La p\u00eache ancienne en rives d&rsquo;Olt<\/em><\/strong><\/td>\n<td style=\"text-align: center;\" width=\"117\">Epuis\u00e9<\/td>\n<td width=\"156\"><strong>\u00a0<\/strong><\/td>\n<\/tr>\n<tr>\n<td width=\"304\"><strong>2003-Plantas e \u00e8rbas dels cantons d\u2019Entraigas e de Mur de Barr\u00e8s<\/strong><\/td>\n<td style=\"text-align: center;\" width=\"117\">Epuis\u00e9<\/td>\n<td width=\"156\"><strong>\u00a0<\/strong><\/td>\n<\/tr>\n<tr>\n<td width=\"304\"><strong>2004-Occitanie &#8211; Pour l&rsquo;\u00e2me occitane &#8211; <em>M\u00e9moire de Jean Carbonnel 1864-1942<\/em><\/strong><\/td>\n<td style=\"text-align: center;\" width=\"117\">Epuis\u00e9<\/td>\n<td width=\"156\"><strong>\u00a0<\/strong><\/td>\n<\/tr>\n<tr>\n<td width=\"304\"><strong>2005-Vieillevie-en-Vall\u00e9e-d&rsquo;Olt<\/strong><\/td>\n<td style=\"text-align: center;\" width=\"117\">Epuis\u00e9<\/td>\n<td width=\"156\"><strong>\u00a0<\/strong><\/td>\n<\/tr>\n<tr>\n<td width=\"304\"><strong>2006-Transhumances Aubrac Carladez Estivadas<\/strong><\/td>\n<td width=\"117\"><\/td>\n<td width=\"156\">\n<p style=\"text-align: center;\"><strong>19\u20ac<\/strong><\/p>\n<\/td>\n<\/tr>\n<tr>\n<td width=\"304\"><strong>2007-Espeyrac-Vie d&rsquo;une communaut\u00e9 rurale , lors de l\u2019\u00e9poque r\u00e9volutionnaire, de 1792 \u00e0 1795<\/strong><\/td>\n<td width=\"117\"><\/td>\n<td width=\"156\">\n<p style=\"text-align: center;\"><strong>20\u20ac<\/strong><\/p>\n<\/td>\n<\/tr>\n<tr>\n<td width=\"304\"><strong>2008-Racontes e nov\u00e8las del Pa\u00efs d&rsquo;Olt<\/strong><\/td>\n<td style=\"text-align: center;\" width=\"117\">Epuis\u00e9<\/td>\n<td width=\"156\"><strong>\u00a0<\/strong><\/td>\n<\/tr>\n<tr>\n<td width=\"304\"><strong>2009-Notre village Golinhac<\/strong><\/td>\n<td style=\"text-align: center;\" width=\"117\">Voir Foyer Rural de Golinhac<\/td>\n<td width=\"156\"><strong>\u00a0<\/strong><\/td>\n<\/tr>\n<tr>\n<td width=\"304\"><strong>2009-Promenade en vall\u00e9e d&rsquo;Olt de St Laurent d\u2019Olt \u00e0 Livinhac en Rouergue<\/strong><\/td>\n<td style=\"text-align: center;\" width=\"117\">Epuis\u00e9<\/td>\n<td width=\"156\"><strong>\u00a0<\/strong><\/td>\n<\/tr>\n<tr>\n<td width=\"304\"><strong>2010-Ecrits en langue d&rsquo;Oc et auteurs occitans du Haut-Rouergue<\/strong><\/td>\n<td width=\"117\"><\/td>\n<td width=\"156\">\n<p style=\"text-align: center;\"><strong>25\u20ac<\/strong><\/p>\n<\/td>\n<\/tr>\n<tr>\n<td width=\"304\"><strong>2011-Contes e po\u00e8mas de pelegrins<\/strong><\/td>\n<td width=\"117\"><\/td>\n<td width=\"156\">\n<p style=\"text-align: center;\"><strong>18\u20ac<\/strong><\/p>\n<\/td>\n<\/tr>\n<tr>\n<td width=\"304\"><strong>2011-Espeyrac Patrimoine communal et religieux<\/strong><\/td>\n<td width=\"117\"><\/td>\n<td width=\"156\">\n<p style=\"text-align: center;\"><strong>15\u20ac<\/strong><\/p>\n<\/td>\n<\/tr>\n<tr>\n<td width=\"304\"><strong>2012-Lo benaurat Sant Branda<\/strong><\/td>\n<td style=\"text-align: center;\" width=\"117\">In\u00e9dit<\/td>\n<td width=\"156\"><strong>\u00a0<\/strong><\/td>\n<\/tr>\n<tr>\n<td width=\"304\"><strong>2013-Los bilhets del repotegaire<\/strong><\/td>\n<td width=\"117\"><\/td>\n<td width=\"156\">\n<p style=\"text-align: center;\"><strong>15\u20ac<\/strong><\/p>\n<\/td>\n<\/tr>\n<tr>\n<td width=\"304\"><strong>2014-Le Fel en Vall\u00e9e d&rsquo;Olt son vignoble, sa rivi\u00e8re<\/strong><\/td>\n<td width=\"117\"><\/td>\n<td width=\"156\">\n<p style=\"text-align: center;\"><strong>25\u20ac<\/strong><\/p>\n<\/td>\n<\/tr>\n<tr>\n<td width=\"304\"><strong>2015-La paroisse de Ginolhac en Rouergue<\/strong><\/td>\n<td width=\"117\"><\/td>\n<td width=\"156\">\n<p style=\"text-align: center;\"><strong>18\u20ac<\/strong><\/p>\n<\/td>\n<\/tr>\n<tr>\n<td width=\"304\"><strong>2016-Flore occitane du Massif Central (Aveyron et Cantal)<\/strong><\/td>\n<td width=\"117\"><\/td>\n<td width=\"156\">\n<p style=\"text-align: center;\"><strong>8\u20ac<\/strong><\/p>\n<\/td>\n<\/tr>\n<tr>\n<td width=\"304\"><strong>2016-Mem\u00f2rias d&rsquo;un vailet de b\u00f2ria<\/strong><\/td>\n<td width=\"117\"><\/td>\n<td width=\"156\">\n<p style=\"text-align: center;\"><strong>10\u20ac<\/strong><\/p>\n<\/td>\n<\/tr>\n<tr>\n<td width=\"304\"><strong>2017-Darri\u00e8rs ram\u00e8ls<\/strong><\/td>\n<td width=\"117\"><\/td>\n<td width=\"156\">\n<p style=\"text-align: center;\"><strong>10\u20ac<\/strong><\/p>\n<\/td>\n<\/tr>\n<tr>\n<td width=\"304\"><strong>2018-La vinha e lo vin<\/strong><\/td>\n<td width=\"117\"><\/td>\n<td width=\"156\">\n<p style=\"text-align: center;\"><strong>10\u20ac<\/strong><\/p>\n<\/td>\n<\/tr>\n<tr>\n<td width=\"304\"><strong>2020-Aubrac, Viad\u00e8ne et Carladez Po\u00e8mes et chants d&rsquo;hier d&rsquo;aujourd&rsquo;hui et de demain<\/strong><\/td>\n<td width=\"117\"><\/td>\n<td width=\"156\">\n<p style=\"text-align: center;\"><strong>12\u20ac<\/strong><\/p>\n<\/td>\n<\/tr>\n<tr>\n<td width=\"304\"><strong>2020-Barques et bacs de la r\u00e9gion d&rsquo;Entraygues<\/strong><\/td>\n<td width=\"117\"><\/td>\n<td width=\"156\">\n<p style=\"text-align: center;\"><strong>10\u20ac<\/strong><\/p>\n<\/td>\n<\/tr>\n<tr>\n<td width=\"304\"><strong>2020-Cresta-Crestes<\/strong><\/td>\n<td width=\"117\"><\/td>\n<td width=\"156\">\n<p style=\"text-align: center;\"><strong>12\u20ac<\/strong><\/p>\n<\/td>\n<\/tr>\n<\/tbody>\n<\/table>\n<p>Pour les commandes, s\u2019adresser \u00e0\u00a0:<strong> amisjvaylet@gmail.com<br \/>\n<\/strong>ou<br \/>\nAmis de Joseph Vaylet &#8211; Occitans en Roergue-Naut<br \/>\nMairie &#8211; Place de la R\u00e9sistance<br \/>\n12500 \u2013 Espalion<\/p>\n<p>Les ouvrages \u00e9puis\u00e9s ou in\u00e9dits sont consultables dans le Fonds Vaylet. (Contact par mail \u00e0 l\u2019adresse ci-dessus)<\/p>\n","protected":false},"excerpt":{"rendered":"<p>Ann\u00e9e de parution et Titre \u00a0 Prix (hors frais de port) 1976-Al caire del terrador 10\u20ac 1981-Asu\u00e8lhs regu\u00e8rgues Epuis\u00e9 \u00a0 1981-Contes de la Nalta-Viadena 10\u20ac 1981-La vinha e lo vin Dichas e proverbis del pa\u00efs costovin Epuis\u00e9 \u00a0 1981-Laus del Majoral Peire-Auguste Miremont Epuis\u00e9 \u00a0 1987-Cants d&rsquo;Amont e d&rsquo;Aval 10\u20ac 1988-Racontes del Pa\u00efs Ribieirol 10\u20ac &hellip; <a href=\"https:\/\/amisjosephvaylet.fr\/?page_id=1934\" class=\"more-link\">Continuer la lecture<span class=\"screen-reader-text\"> de &laquo;&nbsp;Ouvrages disponibles&nbsp;&raquo;<\/span><\/a><\/p>\n","protected":false},"author":5,"featured_media":0,"parent":1392,"menu_order":0,"comment_status":"closed","ping_status":"closed","template":"","meta":{"footnotes":""},"class_list":["post-1934","page","type-page","status-publish","hentry"],"_links":{"self":[{"href":"https:\/\/amisjosephvaylet.fr\/index.php?rest_route=\/wp\/v2\/pages\/1934","targetHints":{"allow":["GET"]}}],"collection":[{"href":"https:\/\/amisjosephvaylet.fr\/index.php?rest_route=\/wp\/v2\/pages"}],"about":[{"href":"https:\/\/amisjosephvaylet.fr\/index.php?rest_route=\/wp\/v2\/types\/page"}],"author":[{"embeddable":true,"href":"https:\/\/amisjosephvaylet.fr\/index.php?rest_route=\/wp\/v2\/users\/5"}],"replies":[{"embeddable":true,"href":"https:\/\/amisjosephvaylet.fr\/index.php?rest_route=%2Fwp%2Fv2%2Fcomments&post=1934"}],"version-history":[{"count":7,"href":"https:\/\/amisjosephvaylet.fr\/index.php?rest_route=\/wp\/v2\/pages\/1934\/revisions"}],"predecessor-version":[{"id":1943,"href":"https:\/\/amisjosephvaylet.fr\/index.php?rest_route=\/wp\/v2\/pages\/1934\/revisions\/1943"}],"up":[{"embeddable":true,"href":"https:\/\/amisjosephvaylet.fr\/index.php?rest_route=\/wp\/v2\/pages\/1392"}],"wp:attachment":[{"href":"https:\/\/amisjosephvaylet.fr\/index.php?rest_route=%2Fwp%2Fv2%2Fmedia&parent=1934"}],"curies":[{"name":"wp","href":"https:\/\/api.w.org\/{rel}","templated":true}]}}