{"id":1702,"date":"2022-01-05T16:11:57","date_gmt":"2022-01-05T15:11:57","guid":{"rendered":"http:\/\/amisjosephvaylet.fr\/?page_id=1702"},"modified":"2022-01-05T16:17:40","modified_gmt":"2022-01-05T15:17:40","slug":"biographie","status":"publish","type":"page","link":"https:\/\/amisjosephvaylet.fr\/?page_id=1702","title":{"rendered":"Biographie"},"content":{"rendered":"<p><strong>Biographie\u00a0: <em>(<\/em><\/strong><em>\u00e9crite par Zefir fin 2019<\/em><strong><em>)<\/em><br \/>\n<\/strong><\/p>\n<p><strong>\u00a0<\/strong>&#8211; N\u00e9 le 1<sup>er<\/sup> d\u00e9cembre 1927 \u00e0 Banroques, commune d\u2019Enguial\u00e8s, paroisse de Ginolhac, canton d\u2019Entraygues (Aveyron). Dixi\u00e8me naissance et fr\u00e8re jumeau d\u2019une famille qui eut 12 enfants, dont onze ont v\u00e9cus.<br \/>\n<em>(au 31 d\u00e9cembre 2019, il est le dernier survivant de cette fratrie).<br \/>\n<\/em>&#8211; Etudes primaires\u00a0: \u00e9cole publique rurale de Banroques\u00a0; \u00e9cole libre d\u2019Entraygues\u00a0; chez les Sal\u00e9siens de la Navarre de La Crau dans le Var, puis Montpellier et retour \u00e0 Banroques en octobre 1939 (du fait de la guerre), certificat d\u2019\u00e9tudes primaires obtenu \u00e0 Entraygues le 30 juin 1941\u00a0;<br \/>\n&#8211; Etudes secondaires afin d\u2019obtenir le Brevet d\u2019Etudes, au coll\u00e9ge libre, (du juv\u00e9nat de Grignon de Montfort) \u00e0 La Peyrouse, commune de Saint F\u00e9lix de Villadeix, canton de La Linde en Dordogne. Termine ses \u00e9tudes pour P\u00e2ques de 1943\u00a0;<br \/>\n&#8211; Berger de brebis, \u00e0 La Croix-Barrez, du 1<sup>er<\/sup> mai au 30 novembre 1943<br \/>\n&#8211; P\u00e2tre de montagne en Carladez\u00a0: Mur de Barrez et Puy de Banes, du 24 mars \u00e0 octobre 1945\u00a0;<br \/>\n&#8211; Valet de ferme au Nayrac de novembre 1945 au 30 juin 1946\u00a0;<br \/>\n&#8211; Man\u0153uvre \u00e0 la construction de l\u2019usine E D F de Lardit de Banhars, d\u2019ao\u00fbt 1946 au 30 juin 1947\u00a0;<br \/>\n&#8211; Domestique d\u2019\u00e9t\u00e9 (faucheur et faneur) du premier juillet au 15 d\u2019ao\u00fbt 1947 en Viad\u00e8ne (Cassu\u00e9jouls)\u00a0;<br \/>\n&#8211; Service militaire \u00e0 Castres et Toulouse, du 1<sup>er<\/sup> d\u00e9cembre 1947 au 1<sup>er<\/sup> d\u00e9cembre 1948\u00a0;<br \/>\n&#8211; auxiliaire des Postes (facteur) au bureau d\u2019Entraygues, du premier f\u00e9vrier 1949 au 15 mars 1954\u00a0;<br \/>\n&#8211; Receveur_Disributeur des Postes et T\u00e9l\u00e9graphes, du 16 mars 1954 au 15 mars 1955 \u00e0 St. Julien d\u2019Ance (Haute Loire)\u00a0;<br \/>\n&#8211; Receveur-Distributeur \u00e0 Coussergues (Aveyron), du 16 mars 1955 au 14 juillet 1966\u00a0;<br \/>\n&#8211; V\u00e9rificateur, puis V.E.D.T. principal. (inspecteur) au service de la Distribution et du Transport des d\u00e9p\u00eaches \u00e0 la direction des Postes de l\u2019Aveyron, \u00e0 Rodez, du 15 juillet 1966 au\u00a0 premier mai 1981\u00a0;<br \/>\n&#8211; Receveur des Postes (chef d\u2019\u00e9tablissement de 2<sup>\u00e8me<\/sup> classe), au bureau de Vic sur C\u00e8re (Cantal), de mai 1981 au 15 f\u00e9vrier 1983;<br \/>\n&#8211; Retrait\u00e9 depuis le 16 mars 1983, \u00e0 le Bosc Nalt 12\u00a0140 ESPEYRAC, Aveyron.<\/p>\n","protected":false},"excerpt":{"rendered":"<p>Biographie\u00a0: (\u00e9crite par Zefir fin 2019) \u00a0&#8211; N\u00e9 le 1er d\u00e9cembre 1927 \u00e0 Banroques, commune d\u2019Enguial\u00e8s, paroisse de Ginolhac, canton d\u2019Entraygues (Aveyron). Dixi\u00e8me naissance et fr\u00e8re jumeau d\u2019une famille qui eut 12 enfants, dont onze ont v\u00e9cus. (au 31 d\u00e9cembre 2019, il est le dernier survivant de cette fratrie). &#8211; Etudes primaires\u00a0: \u00e9cole publique rurale &hellip; <a href=\"https:\/\/amisjosephvaylet.fr\/?page_id=1702\" class=\"more-link\">Continuer la lecture<span class=\"screen-reader-text\"> de &laquo;&nbsp;Biographie&nbsp;&raquo;<\/span><\/a><\/p>\n","protected":false},"author":5,"featured_media":0,"parent":1397,"menu_order":0,"comment_status":"closed","ping_status":"closed","template":"","meta":{"footnotes":""},"class_list":["post-1702","page","type-page","status-publish","hentry"],"_links":{"self":[{"href":"https:\/\/amisjosephvaylet.fr\/index.php?rest_route=\/wp\/v2\/pages\/1702","targetHints":{"allow":["GET"]}}],"collection":[{"href":"https:\/\/amisjosephvaylet.fr\/index.php?rest_route=\/wp\/v2\/pages"}],"about":[{"href":"https:\/\/amisjosephvaylet.fr\/index.php?rest_route=\/wp\/v2\/types\/page"}],"author":[{"embeddable":true,"href":"https:\/\/amisjosephvaylet.fr\/index.php?rest_route=\/wp\/v2\/users\/5"}],"replies":[{"embeddable":true,"href":"https:\/\/amisjosephvaylet.fr\/index.php?rest_route=%2Fwp%2Fv2%2Fcomments&post=1702"}],"version-history":[{"count":4,"href":"https:\/\/amisjosephvaylet.fr\/index.php?rest_route=\/wp\/v2\/pages\/1702\/revisions"}],"predecessor-version":[{"id":1709,"href":"https:\/\/amisjosephvaylet.fr\/index.php?rest_route=\/wp\/v2\/pages\/1702\/revisions\/1709"}],"up":[{"embeddable":true,"href":"https:\/\/amisjosephvaylet.fr\/index.php?rest_route=\/wp\/v2\/pages\/1397"}],"wp:attachment":[{"href":"https:\/\/amisjosephvaylet.fr\/index.php?rest_route=%2Fwp%2Fv2%2Fmedia&parent=1702"}],"curies":[{"name":"wp","href":"https:\/\/api.w.org\/{rel}","templated":true}]}}