{"id":1618,"date":"2021-12-06T22:16:08","date_gmt":"2021-12-06T21:16:08","guid":{"rendered":"http:\/\/amisjosephvaylet.fr\/?page_id=1618"},"modified":"2021-12-06T22:27:58","modified_gmt":"2021-12-06T21:27:58","slug":"chants-et-chansons","status":"publish","type":"page","link":"https:\/\/amisjosephvaylet.fr\/?page_id=1618","title":{"rendered":"Chants et Chansons"},"content":{"rendered":"<p style=\"text-align: left;\"><strong><em>Titres<\/em><\/strong><a href=\"https:\/\/amisjosephvaylet.fr\/wp-content\/uploads\/2021\/12\/Tableau-des-chansons.pdf\" target=\"_blank\" rel=\"noopener\"><strong><em><img loading=\"lazy\" decoding=\"async\" class=\"alignright\" src=\"https:\/\/amisjosephvaylet.fr\/wp-content\/uploads\/2021\/12\/Tableau-des-chansons.jpg\" alt=\"\" width=\"531\" height=\"395\" \/><\/em><\/strong><\/a><br \/>\nB\u00e8l Agen, mon vilatge<br \/>\nCan\u00e7on de novia<br \/>\nPreg\u00e0ria d&rsquo;un matin de pelegrin<br \/>\nT\u00e8rra d&rsquo;Aubrac<br \/>\nT\u00e8rra d&rsquo;Aubrac<br \/>\nT\u00e8rra d&rsquo;Aubrac<br \/>\nQue veses, pastre ?<br \/>\nSolesa d&rsquo;auton<br \/>\nPlang de gabarri\u00e8r<br \/>\nCanta del gabarri\u00e8r<br \/>\nLos pastors<br \/>\nSovenir d&rsquo;estivada<br \/>\nAubrac<br \/>\nMajestat da Cresta<br \/>\nEscota, amic !<br \/>\nQuestion de lenga<br \/>\nVail\u00e8ra d&rsquo;un estiu<br \/>\nFlor de landa<br \/>\nLo secador<br \/>\n<a href=\"https:\/\/amisjosephvaylet.fr\/wp-content\/uploads\/2021\/12\/Chanson-des-Castelous.pdf\" target=\"_blank\" rel=\"noopener\">Can\u00e7on dels Castelons<\/a><br \/>\nLevarai mon cap\u00e8l<br \/>\nPlancha del conscrit<br \/>\nLa campana de Malriu<br \/>\nAmor de pastora<br \/>\n<a href=\"https:\/\/amisjosephvaylet.fr\/wp-content\/uploads\/2020\/12\/Temps-nadalenc.jpg\" target=\"_blank\" rel=\"noopener\">Temps nadalenc<\/a><br \/>\nCan\u00e7on de prima<br \/>\nFu\u00f2c joanenc<br \/>\nFraires del monde<br \/>\nD&rsquo;aval amont<br \/>\nLo camin d&rsquo;Olt<br \/>\nCaminament de pelegrin<br \/>\n<a href=\"https:\/\/www.youtube.com\/watch?v=gVxtSbvg6yc\" target=\"_blank\" rel=\"noopener\">T\u00e8rra d&rsquo;Aubrac (Concert de Philippe Vialard \u00e0 la Ste Estelle de Mende le dimanche 19 septembre 2021. En fin de concert, hommage \u00e0 Zephirin B\u00f2sc avec \u00ab\u00a0T\u00e8rra d&rsquo;Aubrac\u00a0\u00bb.<\/a><br \/>\nLos pastors<br \/>\nMa Montanha<br \/>\nLa f\u00e8sta del primcol<br \/>\nN\u00f2stre Pa\u00efs<\/p>\n","protected":false},"excerpt":{"rendered":"<p>Titres B\u00e8l Agen, mon vilatge Can\u00e7on de novia Preg\u00e0ria d&rsquo;un matin de pelegrin T\u00e8rra d&rsquo;Aubrac T\u00e8rra d&rsquo;Aubrac T\u00e8rra d&rsquo;Aubrac Que veses, pastre ? Solesa d&rsquo;auton Plang de gabarri\u00e8r Canta del gabarri\u00e8r Los pastors Sovenir d&rsquo;estivada Aubrac Majestat da Cresta Escota, amic ! Question de lenga Vail\u00e8ra d&rsquo;un estiu Flor de landa Lo secador Can\u00e7on dels &hellip; <a href=\"https:\/\/amisjosephvaylet.fr\/?page_id=1618\" class=\"more-link\">Continuer la lecture<span class=\"screen-reader-text\"> de &laquo;&nbsp;Chants et Chansons&nbsp;&raquo;<\/span><\/a><\/p>\n","protected":false},"author":5,"featured_media":0,"parent":0,"menu_order":0,"comment_status":"closed","ping_status":"closed","template":"","meta":{"footnotes":""},"class_list":["post-1618","page","type-page","status-publish","hentry"],"_links":{"self":[{"href":"https:\/\/amisjosephvaylet.fr\/index.php?rest_route=\/wp\/v2\/pages\/1618","targetHints":{"allow":["GET"]}}],"collection":[{"href":"https:\/\/amisjosephvaylet.fr\/index.php?rest_route=\/wp\/v2\/pages"}],"about":[{"href":"https:\/\/amisjosephvaylet.fr\/index.php?rest_route=\/wp\/v2\/types\/page"}],"author":[{"embeddable":true,"href":"https:\/\/amisjosephvaylet.fr\/index.php?rest_route=\/wp\/v2\/users\/5"}],"replies":[{"embeddable":true,"href":"https:\/\/amisjosephvaylet.fr\/index.php?rest_route=%2Fwp%2Fv2%2Fcomments&post=1618"}],"version-history":[{"count":9,"href":"https:\/\/amisjosephvaylet.fr\/index.php?rest_route=\/wp\/v2\/pages\/1618\/revisions"}],"predecessor-version":[{"id":1631,"href":"https:\/\/amisjosephvaylet.fr\/index.php?rest_route=\/wp\/v2\/pages\/1618\/revisions\/1631"}],"wp:attachment":[{"href":"https:\/\/amisjosephvaylet.fr\/index.php?rest_route=%2Fwp%2Fv2%2Fmedia&parent=1618"}],"curies":[{"name":"wp","href":"https:\/\/api.w.org\/{rel}","templated":true}]}}