{"id":1500,"date":"2021-11-26T11:38:19","date_gmt":"2021-11-26T10:38:19","guid":{"rendered":"http:\/\/amisjosephvaylet.fr\/?page_id=1500"},"modified":"2025-12-13T15:04:34","modified_gmt":"2025-12-13T14:04:34","slug":"inedits","status":"publish","type":"page","link":"https:\/\/amisjosephvaylet.fr\/?page_id=1500","title":{"rendered":"In\u00e9dits"},"content":{"rendered":"<table>\n<tbody>\n<tr>\n<td width=\"111\"><\/td>\n<td width=\"62\"><\/td>\n<td width=\"100\"><\/td>\n<td width=\"142\"><\/td>\n<\/tr>\n<tr>\n<td width=\"111\">\n<p style=\"text-align: center;\"><strong>Titre<\/strong><\/p>\n<\/td>\n<td width=\"62\">\n<p style=\"text-align: center;\"><strong>Date<\/strong><\/p>\n<\/td>\n<td width=\"100\">\n<p style=\"text-align: center;\"><strong>Genre litt\u00e9raire<\/strong><\/p>\n<\/td>\n<td width=\"142\">\n<p style=\"text-align: center;\"><strong>Commentaires<\/strong><\/p>\n<\/td>\n<\/tr>\n<tr>\n<td width=\"111\">Centenaire de la mort de Mistral et le F\u00e9librige en Rouergue<\/td>\n<td width=\"62\">en 2014<\/td>\n<td width=\"100\"><\/td>\n<td width=\"142\">Milhau lo 19 de mar\u00e7 de 2014<br \/>\nSeverac lo Cast\u00e8l, lo\u00a0 dissabte 5 d\u2019abrial 2014<\/td>\n<\/tr>\n<tr>\n<td width=\"111\">Mistral e lo Felibrige en Ro\u00ebrgue<\/td>\n<td width=\"62\">en novembre 2019<\/td>\n<td width=\"100\"><\/td>\n<td width=\"142\"><\/td>\n<\/tr>\n<tr>\n<td width=\"111\">Le ch\u00e2teau de la Coste-Bouyssols<\/td>\n<td width=\"62\"><\/td>\n<td width=\"100\">Transcription<\/td>\n<td width=\"142\">de l&rsquo;ancienne communaut\u00e9 de Golinhac en Rouergue<\/td>\n<\/tr>\n<tr>\n<td width=\"111\">Po\u00e8mes du Chanoine Jean-Jacques Firminhac<\/td>\n<td width=\"62\">en 2020<\/td>\n<td width=\"100\">Po\u00e9sies traduites en occitan<\/td>\n<td width=\"142\"><\/td>\n<\/tr>\n<tr>\n<td width=\"111\">Enric Mouly, sa vie, son oeuvre<\/td>\n<td width=\"62\">en 1980<\/td>\n<td width=\"100\"><\/td>\n<td width=\"142\">Conf\u00e9rence pr\u00e9sent\u00e9e le 15 juillet 1980 \u00e0 Aubenas<\/td>\n<\/tr>\n<tr>\n<td width=\"111\">Po\u00ebma a Bessou<\/td>\n<td width=\"62\">en 2018<\/td>\n<td width=\"100\">Po\u00e9sie<\/td>\n<td width=\"142\">St Justin \u00e0 St Salvadou (pel centenari de la m\u00f2rt de Bessou)<\/td>\n<\/tr>\n<tr>\n<td width=\"111\">Les Bosc de Golinhac<\/td>\n<td width=\"62\">\u00a0septembre 2014<\/td>\n<td width=\"100\">Essai de g\u00e9n\u00e9alogie<\/td>\n<td width=\"142\">G\u00e9n\u00e9alogie de Z\u00e9phirin Bosc<\/td>\n<\/tr>\n<tr>\n<td width=\"111\">Historique des diligences, autobus &amp; courriers d&rsquo;Entraygues<\/td>\n<td width=\"62\">en juin 2019<\/td>\n<td width=\"100\">Essai<\/td>\n<td width=\"142\"><div class=\"_3d-flip-book  fb3d-fullscreen-mode full-size\" data-id=\"3263\" data-mode=\"fullscreen\" data-title=\"false\" data-template=\"short-white-book-view\" data-lightbox=\"dark-shadow\" data-urlparam=\"fb3d-page\" data-page-n=\"0\" data-pdf=\"\" data-tax=\"null\" data-thumbnail=\"\" data-cols=\"3\" data-book-template=\"default\" data-trigger=\"\"><\/div><script type=\"text\/javascript\">window.FB3D_CLIENT_DATA = window.FB3D_CLIENT_DATA || [];FB3D_CLIENT_DATA.push('eyJwb3N0cyI6eyIzMjYzIjp7IklEIjozMjYzLCJ0aXRsZSI6Ikhpc3RvcmlxdWUgZGVzIGRpbGlnZW5jZXMsIGF1dG9idXMgJiBjb3VycmllcnMgZCdFbnRyYXlndWVzIiwidHlwZSI6InBkZiIsInJlYWR5X2Z1bmN0aW9uIjoiIiwiYm9va19zdHlsZSI6ImZsYXQiLCJib29rX3RlbXBsYXRlIjoibm9uZSIsIm91dGxpbmUiOltdLCJkYXRhIjp7InBvc3RfSUQiOiIzMjYyIiwiZ3VpZCI6Imh0dHBzOlwvXC9hbWlzam9zZXBodmF5bGV0LmZyXC93cC1jb250ZW50XC91cGxvYWRzXC8yMDI1XC8xMlwvSGlzdG9yaXF1ZS1kZXMtZGlsaWdlbmNlcy1hdXRvYnVzLWNvdXJyaWVycy1kRW50cmF5Z3Vlcy1KdWluLTIwMTkucGRmIiwicGRmX3BhZ2VzIjoiMjciLCJwYWdlc19jdXN0b21pemF0aW9uIjoibm9uZSJ9LCJ0aHVtYm5haWwiOnsiZGF0YSI6eyJwb3N0X0lEIjoiMCJ9LCJ0eXBlIjoiYXV0byJ9LCJwcm9wcyI6eyJoZWlnaHQiOiJhdXRvIiwid2lkdGgiOiJhdXRvIiwiYmFja2dyb3VuZENvbG9yIjoiYXV0byIsImJhY2tncm91bmRJbWFnZSI6ImF1dG8iLCJiYWNrZ3JvdW5kU3R5bGUiOiJhdXRvIiwiaGlnaGxpZ2h0TGlua3MiOiJhdXRvIiwibGlnaHRpbmciOiJhdXRvIiwic2luZ2xlUGFnZU1vZGUiOiJhdXRvIiwiZ3Jhdml0eSI6ImF1dG8iLCJjYWNoZWRQYWdlcyI6ImF1dG8iLCJyZW5kZXJJbmFjdGl2ZVBhZ2VzIjoiYXV0byIsInJlbmRlckluYWN0aXZlUGFnZXNPbk1vYmlsZSI6ImF1dG8iLCJyZW5kZXJXaGlsZUZsaXBwaW5nIjoiYXV0byIsInBhZ2VzRm9yUHJlZGljdGluZyI6ImF1dG8iLCJwcmVsb2FkUGFnZXMiOiJhdXRvIiwicnRsIjoiYXV0byIsImludGVyYWN0aXZlQ29ybmVycyI6ImF1dG8iLCJtYXhEZXB0aCI6ImF1dG8iLCJhdXRvUGxheUR1cmF0aW9uIjoiYXV0byIsInNoZWV0Ijp7InN0YXJ0VmVsb2NpdHkiOiJhdXRvIiwiY29ybmVyRGV2aWF0aW9uIjoiYXV0byIsImZsZXhpYmlsaXR5IjoiYXV0byIsImZsZXhpYmxlQ29ybmVyIjoiYXV0byIsImJlbmRpbmciOiJhdXRvIiwid2F2ZSI6ImF1dG8iLCJ3aWR0aFRleGVscyI6ImF1dG8iLCJoZWlnaHRUZXhlbHMiOiJhdXRvIiwiY29sb3IiOiJhdXRvIiwic2lkZSI6ImF1dG8iLCJzaGFwZSI6ImF1dG8iLCJzdHJldGNoSW1hZ2VzIjoiYXV0byJ9LCJjb3ZlciI6eyJzdGFydFZlbG9jaXR5IjoiYXV0byIsImZsZXhpYmlsaXR5IjoiYXV0byIsImZsZXhpYmxlQ29ybmVyIjoiYXV0byIsImJlbmRpbmciOiJhdXRvIiwid2F2ZSI6ImF1dG8iLCJ3aWR0aFRleGVscyI6ImF1dG8iLCJoZWlnaHRUZXhlbHMiOiJhdXRvIiwiY29sb3IiOiJhdXRvIiwiZGVwdGgiOiJhdXRvIiwicGFkZGluZyI6ImF1dG8iLCJiaW5kZXJUZXh0dXJlIjoiYXV0byIsIm1hc3MiOiJhdXRvIiwic2lkZSI6ImF1dG8iLCJzaGFwZSI6ImF1dG8iLCJzdHJldGNoSW1hZ2VzIjoiYXV0byJ9LCJwYWdlIjp7InN0YXJ0VmVsb2NpdHkiOiJhdXRvIiwiZmxleGliaWxpdHkiOiJhdXRvIiwiZmxleGlibGVDb3JuZXIiOiJhdXRvIiwiYmVuZGluZyI6ImF1dG8iLCJ3YXZlIjoiYXV0byIsIndpZHRoVGV4ZWxzIjoiYXV0byIsImhlaWdodFRleGVscyI6ImF1dG8iLCJjb2xvciI6ImF1dG8iLCJkZXB0aCI6ImF1dG8iLCJtYXNzIjoiYXV0byIsInNpZGUiOiJhdXRvIiwic2hhcGUiOiJhdXRvIiwic3RyZXRjaEltYWdlcyI6ImF1dG8ifX0sImNvbnRyb2xQcm9wcyI6eyJhY3Rpb25zIjp7ImNtZFRvYyI6eyJlbmFibGVkIjoiYXV0byIsImVuYWJsZWRJbk5hcnJvdyI6ImF1dG8iLCJhY3RpdmUiOiJhdXRvIiwiZGVmYXVsdFRhYiI6ImF1dG8ifSwiY21kQXV0b1BsYXkiOnsiZW5hYmxlZCI6ImF1dG8iLCJlbmFibGVkSW5OYXJyb3ciOiJhdXRvIiwiYWN0aXZlIjoiYXV0byJ9LCJjbWRTYXZlIjp7ImVuYWJsZWQiOiJhdXRvIiwiZW5hYmxlZEluTmFycm93IjoiYXV0byJ9LCJjbWRQcmludCI6eyJlbmFibGVkIjoiYXV0byIsImVuYWJsZWRJbk5hcnJvdyI6ImF1dG8ifSwiY21kU2luZ2xlUGFnZSI6eyJlbmFibGVkIjoiYXV0byIsImVuYWJsZWRJbk5hcnJvdyI6ImF1dG8iLCJhY3RpdmUiOiJhdXRvIiwiYWN0aXZlRm9yTW9iaWxlIjoiYXV0byJ9LCJ3aWRUb29sYmFyIjp7ImVuYWJsZWQiOiJhdXRvIiwiZW5hYmxlZEluTmFycm93IjoiYXV0byJ9fX0sImF1dG9UaHVtYm5haWwiOm51bGwsInBvc3RfbmFtZSI6Imhpc3RvcmlxdWUtZGVzLWRpbGlnZW5jZXMtYXV0b2J1cy1jb3VycmllcnMtZGVudHJheWd1ZXMiLCJwb3N0X3R5cGUiOiIzZC1mbGlwLWJvb2sifX0sInBhZ2VzIjpbXSwiZmlyc3RQYWdlcyI6W119');window.FB3D_CLIENT_LOCALE && FB3D_CLIENT_LOCALE.render && FB3D_CLIENT_LOCALE.render();<\/script><\/td>\n<\/tr>\n<tr>\n<td width=\"111\">Ginolhac-Joseph Gineston bienfaiteur de la paroisse<\/td>\n<td width=\"62\">en 2014<\/td>\n<td width=\"100\">Essai<\/td>\n<td width=\"142\"><\/td>\n<\/tr>\n<tr>\n<td width=\"111\">Les anciens moulins de la communaut\u00e9 de Ginolhac<\/td>\n<td width=\"62\">en 2019<\/td>\n<td width=\"100\">Essai<\/td>\n<td width=\"142\"><\/td>\n<\/tr>\n<tr>\n<td width=\"111\">La crotz romiva<\/td>\n<td width=\"62\">en 2017<\/td>\n<td width=\"100\">Po\u00e9sie<\/td>\n<td width=\"142\"><\/td>\n<\/tr>\n<tr>\n<td width=\"111\">Croix du chemin des p\u00e8lerins \u00e0 Golinhac et autres<\/td>\n<td width=\"62\">en 2013<\/td>\n<td width=\"100\">Essai<\/td>\n<td width=\"142\"><\/td>\n<\/tr>\n<\/tbody>\n<\/table>\n<div class=\"_3d-flip-book  fb3d-fullscreen-mode full-size\" data-id=\"3263\" data-mode=\"fullscreen\" data-title=\"false\" data-template=\"short-white-book-view\" data-lightbox=\"dark-shadow\" data-urlparam=\"fb3d-page\" data-page-n=\"0\" data-pdf=\"\" data-tax=\"null\" data-thumbnail=\"\" data-cols=\"3\" data-book-template=\"default\" data-trigger=\"\"><\/div><script type=\"text\/javascript\">window.FB3D_CLIENT_DATA = window.FB3D_CLIENT_DATA || [];FB3D_CLIENT_DATA.push('eyJwb3N0cyI6eyIzMjYzIjp7IklEIjozMjYzLCJ0aXRsZSI6Ikhpc3RvcmlxdWUgZGVzIGRpbGlnZW5jZXMsIGF1dG9idXMgJiBjb3VycmllcnMgZCdFbnRyYXlndWVzIiwidHlwZSI6InBkZiIsInJlYWR5X2Z1bmN0aW9uIjoiIiwiYm9va19zdHlsZSI6ImZsYXQiLCJib29rX3RlbXBsYXRlIjoibm9uZSIsIm91dGxpbmUiOltdLCJkYXRhIjp7InBvc3RfSUQiOiIzMjYyIiwiZ3VpZCI6Imh0dHBzOlwvXC9hbWlzam9zZXBodmF5bGV0LmZyXC93cC1jb250ZW50XC91cGxvYWRzXC8yMDI1XC8xMlwvSGlzdG9yaXF1ZS1kZXMtZGlsaWdlbmNlcy1hdXRvYnVzLWNvdXJyaWVycy1kRW50cmF5Z3Vlcy1KdWluLTIwMTkucGRmIiwicGRmX3BhZ2VzIjoiMjciLCJwYWdlc19jdXN0b21pemF0aW9uIjoibm9uZSJ9LCJ0aHVtYm5haWwiOnsiZGF0YSI6eyJwb3N0X0lEIjoiMCJ9LCJ0eXBlIjoiYXV0byJ9LCJwcm9wcyI6eyJoZWlnaHQiOiJhdXRvIiwid2lkdGgiOiJhdXRvIiwiYmFja2dyb3VuZENvbG9yIjoiYXV0byIsImJhY2tncm91bmRJbWFnZSI6ImF1dG8iLCJiYWNrZ3JvdW5kU3R5bGUiOiJhdXRvIiwiaGlnaGxpZ2h0TGlua3MiOiJhdXRvIiwibGlnaHRpbmciOiJhdXRvIiwic2luZ2xlUGFnZU1vZGUiOiJhdXRvIiwiZ3Jhdml0eSI6ImF1dG8iLCJjYWNoZWRQYWdlcyI6ImF1dG8iLCJyZW5kZXJJbmFjdGl2ZVBhZ2VzIjoiYXV0byIsInJlbmRlckluYWN0aXZlUGFnZXNPbk1vYmlsZSI6ImF1dG8iLCJyZW5kZXJXaGlsZUZsaXBwaW5nIjoiYXV0byIsInBhZ2VzRm9yUHJlZGljdGluZyI6ImF1dG8iLCJwcmVsb2FkUGFnZXMiOiJhdXRvIiwicnRsIjoiYXV0byIsImludGVyYWN0aXZlQ29ybmVycyI6ImF1dG8iLCJtYXhEZXB0aCI6ImF1dG8iLCJhdXRvUGxheUR1cmF0aW9uIjoiYXV0byIsInNoZWV0Ijp7InN0YXJ0VmVsb2NpdHkiOiJhdXRvIiwiY29ybmVyRGV2aWF0aW9uIjoiYXV0byIsImZsZXhpYmlsaXR5IjoiYXV0byIsImZsZXhpYmxlQ29ybmVyIjoiYXV0byIsImJlbmRpbmciOiJhdXRvIiwid2F2ZSI6ImF1dG8iLCJ3aWR0aFRleGVscyI6ImF1dG8iLCJoZWlnaHRUZXhlbHMiOiJhdXRvIiwiY29sb3IiOiJhdXRvIiwic2lkZSI6ImF1dG8iLCJzaGFwZSI6ImF1dG8iLCJzdHJldGNoSW1hZ2VzIjoiYXV0byJ9LCJjb3ZlciI6eyJzdGFydFZlbG9jaXR5IjoiYXV0byIsImZsZXhpYmlsaXR5IjoiYXV0byIsImZsZXhpYmxlQ29ybmVyIjoiYXV0byIsImJlbmRpbmciOiJhdXRvIiwid2F2ZSI6ImF1dG8iLCJ3aWR0aFRleGVscyI6ImF1dG8iLCJoZWlnaHRUZXhlbHMiOiJhdXRvIiwiY29sb3IiOiJhdXRvIiwiZGVwdGgiOiJhdXRvIiwicGFkZGluZyI6ImF1dG8iLCJiaW5kZXJUZXh0dXJlIjoiYXV0byIsIm1hc3MiOiJhdXRvIiwic2lkZSI6ImF1dG8iLCJzaGFwZSI6ImF1dG8iLCJzdHJldGNoSW1hZ2VzIjoiYXV0byJ9LCJwYWdlIjp7InN0YXJ0VmVsb2NpdHkiOiJhdXRvIiwiZmxleGliaWxpdHkiOiJhdXRvIiwiZmxleGlibGVDb3JuZXIiOiJhdXRvIiwiYmVuZGluZyI6ImF1dG8iLCJ3YXZlIjoiYXV0byIsIndpZHRoVGV4ZWxzIjoiYXV0byIsImhlaWdodFRleGVscyI6ImF1dG8iLCJjb2xvciI6ImF1dG8iLCJkZXB0aCI6ImF1dG8iLCJtYXNzIjoiYXV0byIsInNpZGUiOiJhdXRvIiwic2hhcGUiOiJhdXRvIiwic3RyZXRjaEltYWdlcyI6ImF1dG8ifX0sImNvbnRyb2xQcm9wcyI6eyJhY3Rpb25zIjp7ImNtZFRvYyI6eyJlbmFibGVkIjoiYXV0byIsImVuYWJsZWRJbk5hcnJvdyI6ImF1dG8iLCJhY3RpdmUiOiJhdXRvIiwiZGVmYXVsdFRhYiI6ImF1dG8ifSwiY21kQXV0b1BsYXkiOnsiZW5hYmxlZCI6ImF1dG8iLCJlbmFibGVkSW5OYXJyb3ciOiJhdXRvIiwiYWN0aXZlIjoiYXV0byJ9LCJjbWRTYXZlIjp7ImVuYWJsZWQiOiJhdXRvIiwiZW5hYmxlZEluTmFycm93IjoiYXV0byJ9LCJjbWRQcmludCI6eyJlbmFibGVkIjoiYXV0byIsImVuYWJsZWRJbk5hcnJvdyI6ImF1dG8ifSwiY21kU2luZ2xlUGFnZSI6eyJlbmFibGVkIjoiYXV0byIsImVuYWJsZWRJbk5hcnJvdyI6ImF1dG8iLCJhY3RpdmUiOiJhdXRvIiwiYWN0aXZlRm9yTW9iaWxlIjoiYXV0byJ9LCJ3aWRUb29sYmFyIjp7ImVuYWJsZWQiOiJhdXRvIiwiZW5hYmxlZEluTmFycm93IjoiYXV0byJ9fX0sImF1dG9UaHVtYm5haWwiOm51bGwsInBvc3RfbmFtZSI6Imhpc3RvcmlxdWUtZGVzLWRpbGlnZW5jZXMtYXV0b2J1cy1jb3VycmllcnMtZGVudHJheWd1ZXMiLCJwb3N0X3R5cGUiOiIzZC1mbGlwLWJvb2sifX0sInBhZ2VzIjpbXSwiZmlyc3RQYWdlcyI6W119');window.FB3D_CLIENT_LOCALE && FB3D_CLIENT_LOCALE.render && FB3D_CLIENT_LOCALE.render();<\/script>\n","protected":false},"excerpt":{"rendered":"<p>Titre Date Genre litt\u00e9raire Commentaires Centenaire de la mort de Mistral et le F\u00e9librige en Rouergue en 2014 Milhau lo 19 de mar\u00e7 de 2014 Severac lo Cast\u00e8l, lo\u00a0 dissabte 5 d\u2019abrial 2014 Mistral e lo Felibrige en Ro\u00ebrgue en novembre 2019 Le ch\u00e2teau de la Coste-Bouyssols Transcription de l&rsquo;ancienne communaut\u00e9 de Golinhac en Rouergue &hellip; <a href=\"https:\/\/amisjosephvaylet.fr\/?page_id=1500\" class=\"more-link\">Continuer la lecture<span class=\"screen-reader-text\"> de &laquo;&nbsp;In\u00e9dits&nbsp;&raquo;<\/span><\/a><\/p>\n","protected":false},"author":5,"featured_media":0,"parent":1397,"menu_order":40,"comment_status":"closed","ping_status":"closed","template":"","meta":{"footnotes":""},"class_list":["post-1500","page","type-page","status-publish","hentry"],"_links":{"self":[{"href":"https:\/\/amisjosephvaylet.fr\/index.php?rest_route=\/wp\/v2\/pages\/1500","targetHints":{"allow":["GET"]}}],"collection":[{"href":"https:\/\/amisjosephvaylet.fr\/index.php?rest_route=\/wp\/v2\/pages"}],"about":[{"href":"https:\/\/amisjosephvaylet.fr\/index.php?rest_route=\/wp\/v2\/types\/page"}],"author":[{"embeddable":true,"href":"https:\/\/amisjosephvaylet.fr\/index.php?rest_route=\/wp\/v2\/users\/5"}],"replies":[{"embeddable":true,"href":"https:\/\/amisjosephvaylet.fr\/index.php?rest_route=%2Fwp%2Fv2%2Fcomments&post=1500"}],"version-history":[{"count":26,"href":"https:\/\/amisjosephvaylet.fr\/index.php?rest_route=\/wp\/v2\/pages\/1500\/revisions"}],"predecessor-version":[{"id":3269,"href":"https:\/\/amisjosephvaylet.fr\/index.php?rest_route=\/wp\/v2\/pages\/1500\/revisions\/3269"}],"up":[{"embeddable":true,"href":"https:\/\/amisjosephvaylet.fr\/index.php?rest_route=\/wp\/v2\/pages\/1397"}],"wp:attachment":[{"href":"https:\/\/amisjosephvaylet.fr\/index.php?rest_route=%2Fwp%2Fv2%2Fmedia&parent=1500"}],"curies":[{"name":"wp","href":"https:\/\/api.w.org\/{rel}","templated":true}]}}