{"id":12,"date":"2019-02-06T21:08:27","date_gmt":"2019-02-06T20:08:27","guid":{"rendered":"http:\/\/amisjosephvaylet.fr\/?page_id=12"},"modified":"2026-04-02T15:47:21","modified_gmt":"2026-04-02T13:47:21","slug":"liens","status":"publish","type":"page","link":"https:\/\/amisjosephvaylet.fr\/?page_id=12","title":{"rendered":"Liens"},"content":{"rendered":"\n<ul class=\"wp-block-list\">\n<li><a href=\"https:\/\/www.google.com\/url?sa=i&amp;source=images&amp;cd=&amp;cad=rja&amp;uact=8&amp;ved=2ahUKEwj4n_jgqazgAhXlxoUKHQxMApsQjB16BAgBEAQ&amp;url=http%3A%2F%2Fwww.felibrige.org%2F&amp;psig=AOvVaw2ZOVqAjMIHjq0or2GIzp7u&amp;ust=1549721808119484\" target=\"_blank\" rel=\"noopener\">Felibrige<\/a> (mouvement fond\u00e9 par Fr\u00e9d\u00e9ric Mistral )<\/li>\n\n\n\n<li><a aria-label=\"Felibrige - Maintenance de Gascogne-Haut-Languedoc (s\u2019ouvre dans un nouvel onglet)\" href=\"http:\/\/ghl.felibrige.org\" target=\"_blank\" rel=\"noreferrer noopener\">Felibrige &#8211; Maintenance de Gascogne-Haut-Languedoc<\/a><\/li>\n\n\n\n<li><a href=\"http:\/\/www.grelhroergas.com\/\">Lo Grelh Roerg\u00e0s<\/a><\/li>\n\n\n\n<li><a aria-label=\"Vidas  (s\u2019ouvre dans un nouvel onglet)\" href=\"https:\/\/vidas.occitanica.eu\/\" target=\"_blank\" rel=\"noreferrer noopener\">Vidas <\/a>: <a aria-label=\" (s\u2019ouvre dans un nouvel onglet)\" href=\"https:\/\/vidas.occitanica.eu\/items\/show\/2142\" target=\"_blank\" rel=\"noreferrer noopener\">Zefir B\u00f2sc<\/a> (<em>Vidas<\/em> est un projet de dictionnaire biographique de l&rsquo;ensemble  des acteurs des diff\u00e9rents mouvements de la renaissance occitane ou  renaissance d&rsquo;oc qui voient le jour \u00e0 partir du XIXe si\u00e8cle dans  l&rsquo;ensemble de l&rsquo;espace occitanophone et au-del\u00e0)<\/li>\n\n\n\n<li><a href=\"https:\/\/occitanparis.com\/index.php\">https:\/\/occitanparis.com\/index.php<\/a><\/li>\n\n\n\n<li><a href=\"https:\/\/estivada.eu\">https:\/\/estivada.eu<\/a><\/li>\n<\/ul>\n\n\n\n<p><\/p>\n","protected":false},"excerpt":{"rendered":"","protected":false},"author":3,"featured_media":0,"parent":0,"menu_order":0,"comment_status":"closed","ping_status":"closed","template":"","meta":{"footnotes":""},"class_list":["post-12","page","type-page","status-publish","hentry"],"_links":{"self":[{"href":"https:\/\/amisjosephvaylet.fr\/index.php?rest_route=\/wp\/v2\/pages\/12","targetHints":{"allow":["GET"]}}],"collection":[{"href":"https:\/\/amisjosephvaylet.fr\/index.php?rest_route=\/wp\/v2\/pages"}],"about":[{"href":"https:\/\/amisjosephvaylet.fr\/index.php?rest_route=\/wp\/v2\/types\/page"}],"author":[{"embeddable":true,"href":"https:\/\/amisjosephvaylet.fr\/index.php?rest_route=\/wp\/v2\/users\/3"}],"replies":[{"embeddable":true,"href":"https:\/\/amisjosephvaylet.fr\/index.php?rest_route=%2Fwp%2Fv2%2Fcomments&post=12"}],"version-history":[{"count":22,"href":"https:\/\/amisjosephvaylet.fr\/index.php?rest_route=\/wp\/v2\/pages\/12\/revisions"}],"predecessor-version":[{"id":3368,"href":"https:\/\/amisjosephvaylet.fr\/index.php?rest_route=\/wp\/v2\/pages\/12\/revisions\/3368"}],"wp:attachment":[{"href":"https:\/\/amisjosephvaylet.fr\/index.php?rest_route=%2Fwp%2Fv2%2Fmedia&parent=12"}],"curies":[{"name":"wp","href":"https:\/\/api.w.org\/{rel}","templated":true}]}}